{"id":91,"date":"2019-12-18T19:41:54","date_gmt":"2019-12-18T18:41:54","guid":{"rendered":"https:\/\/c2gconcept.wordpress.com\/?page_id=91"},"modified":"2020-11-24T13:57:41","modified_gmt":"2020-11-24T12:57:41","slug":"lsp40","status":"publish","type":"page","link":"https:\/\/c2gconcept.com\/index.php\/lsp40\/","title":{"rendered":"LSP40"},"content":{"rendered":"\n<figure class=\"is-layout-flex wp-block-gallery-1 wp-block-gallery columns-1 is-cropped\"><ul class=\"blocks-gallery-grid\"><li class=\"blocks-gallery-item\"><figure><a href=\"http:\/\/c2gconcept.com\/index.php\/lsp40\/lsp40-3\/\"><img decoding=\"async\" loading=\"lazy\" width=\"1024\" height=\"576\" src=\"http:\/\/c2gconcept.com\/wp-content\/uploads\/2020\/09\/LSP40-1024x576.png\" alt=\"\" data-id=\"4433\" data-full-url=\"http:\/\/c2gconcept.com\/wp-content\/uploads\/2020\/09\/LSP40.png\" data-link=\"http:\/\/c2gconcept.com\/index.php\/lsp40\/lsp40-3\/\" class=\"wp-image-4433\" srcset=\"https:\/\/c2gconcept.com\/wp-content\/uploads\/2020\/09\/LSP40-1024x576.png 1024w, https:\/\/c2gconcept.com\/wp-content\/uploads\/2020\/09\/LSP40-300x169.png 300w, https:\/\/c2gconcept.com\/wp-content\/uploads\/2020\/09\/LSP40-768x432.png 768w, https:\/\/c2gconcept.com\/wp-content\/uploads\/2020\/09\/LSP40-1536x864.png 1536w, https:\/\/c2gconcept.com\/wp-content\/uploads\/2020\/09\/LSP40-2048x1152.png 2048w, https:\/\/c2gconcept.com\/wp-content\/uploads\/2020\/09\/LSP40-1568x882.png 1568w\" sizes=\"(max-width: 1024px) 100vw, 1024px\" \/><\/a><\/figure><\/li><\/ul><\/figure>\n\n\n\n<p>Living Space 40 est une habitation pr\u00e9fabriqu\u00e9e et fournie \u00ab cl\u00e9 sur porte \u00bb. C&#8217;est \u00e0 dire comprenant:<\/p>\n\n\n\n<div class=\"is-layout-flow wp-block-group\"><div class=\"wp-block-group__inner-container\">\n<ul><li>Des \u00e9l\u00e9ments d\u2019un ensemble cuisine complet comportant Frigo avec partie cong\u00e9lateur, four, plaque de cuisson, lave vaiselle, \u00e9vier<strong><em>.<\/em><\/strong><\/li><li>D\u2019une salle d\u2019eau et des sanitaires compos\u00e9 d&#8217;une douche italienne, lavabo, WC, Chauffe eau \u00e9lectrique&nbsp;et emplacement machine \u00e0 lessiver.<\/li><li>D\u2019un \u00ab coin \u00e0 manger \u00bb <\/li><li>D\u2019un coin salon avec un canap\u00e9 face \u00e0 un t\u00e9l\u00e9viseur.<br><\/li><\/ul>\n<\/div><\/div>\n\n\n\n<p>Living Space 40 est, dans cette version de base, constitu\u00e9 d\u2019un seul \u00e9l\u00e9ment et destin\u00e9 \u00e0 servir de r\u00e9sidence secondaire, par exemple dans les cas suivants:<\/p>\n\n\n\n<ul><li>Vacances prolong\u00e9es pour 2 personnes dans les meilleures conditions de confort et de s\u00e9curit\u00e9.<\/li><li>Appartement complet pour une ou deux personnes, install\u00e9 par exemple sur le<br>terrain de vos enfants, mais disposant d\u2019une autonomie de vie totale .<\/li><\/ul>\n\n\n\n<figure class=\"is-layout-flex wp-block-gallery-4 wp-block-gallery columns-1 is-cropped\"><ul class=\"blocks-gallery-grid\"><li class=\"blocks-gallery-item\"><figure><a href=\"http:\/\/c2gconcept.com\/index.php\/lsp40\/3d-floor-plan-scene-03-1\/\"><img decoding=\"async\" loading=\"lazy\" width=\"1024\" height=\"576\" src=\"http:\/\/c2gconcept.com\/wp-content\/uploads\/2020\/09\/3D-FLOOR-PLAN-Scene-03-1-1024x576.png\" alt=\"\" data-id=\"4427\" data-link=\"http:\/\/c2gconcept.com\/index.php\/lsp40\/3d-floor-plan-scene-03-1\/\" class=\"wp-image-4427\" srcset=\"https:\/\/c2gconcept.com\/wp-content\/uploads\/2020\/09\/3D-FLOOR-PLAN-Scene-03-1-1024x576.png 1024w, https:\/\/c2gconcept.com\/wp-content\/uploads\/2020\/09\/3D-FLOOR-PLAN-Scene-03-1-300x169.png 300w, https:\/\/c2gconcept.com\/wp-content\/uploads\/2020\/09\/3D-FLOOR-PLAN-Scene-03-1-768x432.png 768w, https:\/\/c2gconcept.com\/wp-content\/uploads\/2020\/09\/3D-FLOOR-PLAN-Scene-03-1-1536x864.png 1536w, https:\/\/c2gconcept.com\/wp-content\/uploads\/2020\/09\/3D-FLOOR-PLAN-Scene-03-1-1568x882.png 1568w, https:\/\/c2gconcept.com\/wp-content\/uploads\/2020\/09\/3D-FLOOR-PLAN-Scene-03-1.png 1920w\" sizes=\"(max-width: 1024px) 100vw, 1024px\" \/><\/a><\/figure><\/li><li class=\"blocks-gallery-item\"><figure><a href=\"http:\/\/c2gconcept.com\/index.php\/lsp40\/2d-floor-plan-1-mail\/\"><img decoding=\"async\" loading=\"lazy\" width=\"1024\" height=\"551\" src=\"http:\/\/c2gconcept.com\/wp-content\/uploads\/2020\/09\/2D-FLOOR-PLAN-1-mail-1024x551.png\" alt=\"\" data-id=\"4428\" data-full-url=\"http:\/\/c2gconcept.com\/wp-content\/uploads\/2020\/09\/2D-FLOOR-PLAN-1-mail.png\" data-link=\"http:\/\/c2gconcept.com\/index.php\/lsp40\/2d-floor-plan-1-mail\/\" class=\"wp-image-4428\" srcset=\"https:\/\/c2gconcept.com\/wp-content\/uploads\/2020\/09\/2D-FLOOR-PLAN-1-mail-1024x551.png 1024w, https:\/\/c2gconcept.com\/wp-content\/uploads\/2020\/09\/2D-FLOOR-PLAN-1-mail-300x161.png 300w, https:\/\/c2gconcept.com\/wp-content\/uploads\/2020\/09\/2D-FLOOR-PLAN-1-mail-768x413.png 768w, https:\/\/c2gconcept.com\/wp-content\/uploads\/2020\/09\/2D-FLOOR-PLAN-1-mail-1536x826.png 1536w, https:\/\/c2gconcept.com\/wp-content\/uploads\/2020\/09\/2D-FLOOR-PLAN-1-mail-1568x843.png 1568w, https:\/\/c2gconcept.com\/wp-content\/uploads\/2020\/09\/2D-FLOOR-PLAN-1-mail.png 1928w\" sizes=\"(max-width: 1024px) 100vw, 1024px\" \/><\/a><\/figure><\/li><\/ul><\/figure>\n\n\n\n<p>Caract\u00e9ristiques:<\/p>\n\n\n\n<ul><li>Surface int\u00e9rieure: 25&nbsp;m\u00b2<\/li><li>Dimensions ext\u00e9rieures: L 12,19m\/L 2,44m\/H 2,89m<\/li><li>Nombre de chambres :&nbsp;1<\/li><li><strong>EQUIPEMENT<\/strong>&nbsp;<\/li><li><strong>Salle d&#8217;eau :&nbsp;<\/strong>Livr\u00e9e am\u00e9nag\u00e9e avec meuble vasque (3 univers aux choix)<\/li><li><strong>Chauffage :&nbsp;<\/strong>Pompe \u00e0 chaleur Air\/Air<\/li><li><strong>Eau chaude sanitaire :&nbsp;<\/strong>Ballon&nbsp;ou chauffe-eau instantan\u00e9<\/li><li><strong>Wc :&nbsp;<\/strong>Pos\u00e9 ou suspendus<\/li><li><strong>Sol :<\/strong> Parquets \/ Vinyl, livr\u00e9s pos\u00e9s (plusieurs choix dans les options)<\/li><li><strong>Murs :&nbsp;<\/strong>Plaque de pl\u00e2tre &#8211; plafonnage.<\/li><li><strong>Panneaux solaires :&nbsp;<\/strong>Sur demande.<\/li><li><strong>Vitrages :&nbsp;<\/strong>Triple vitrage &#8211; Oscillo-battants ou coulissants.<\/li><li><strong>Menuiseries :&nbsp;<\/strong>PVC ou aluminium, couleur au choix.<\/li><\/ul>\n\n\n\n<figure class=\"is-layout-flex wp-block-gallery-6 wp-block-gallery columns-3 is-cropped\"><ul class=\"blocks-gallery-grid\"><li class=\"blocks-gallery-item\"><figure><img decoding=\"async\" loading=\"lazy\" width=\"1024\" height=\"768\" src=\"http:\/\/c2gconcept.com\/wp-content\/uploads\/2020\/08\/IMG20200629182556-1024x768.jpg\" alt=\"\" data-id=\"4415\" class=\"wp-image-4415\" srcset=\"https:\/\/c2gconcept.com\/wp-content\/uploads\/2020\/08\/IMG20200629182556-1024x768.jpg 1024w, https:\/\/c2gconcept.com\/wp-content\/uploads\/2020\/08\/IMG20200629182556-300x225.jpg 300w, https:\/\/c2gconcept.com\/wp-content\/uploads\/2020\/08\/IMG20200629182556-768x576.jpg 768w, https:\/\/c2gconcept.com\/wp-content\/uploads\/2020\/08\/IMG20200629182556-1536x1152.jpg 1536w, https:\/\/c2gconcept.com\/wp-content\/uploads\/2020\/08\/IMG20200629182556-2048x1536.jpg 2048w, https:\/\/c2gconcept.com\/wp-content\/uploads\/2020\/08\/IMG20200629182556-1568x1176.jpg 1568w\" sizes=\"(max-width: 1024px) 100vw, 1024px\" \/><\/figure><\/li><li class=\"blocks-gallery-item\"><figure><img decoding=\"async\" loading=\"lazy\" width=\"768\" height=\"1024\" src=\"http:\/\/c2gconcept.com\/wp-content\/uploads\/2020\/08\/WhatsApp-Image-2020-08-03-at-17.26.43-768x1024.jpeg\" alt=\"\" data-id=\"4416\" data-link=\"http:\/\/c2gconcept.com\/index.php\/lsp40\/whatsapp-image-2020-08-03-at-17-26-43\/\" class=\"wp-image-4416\" srcset=\"https:\/\/c2gconcept.com\/wp-content\/uploads\/2020\/08\/WhatsApp-Image-2020-08-03-at-17.26.43-768x1023.jpeg 768w, https:\/\/c2gconcept.com\/wp-content\/uploads\/2020\/08\/WhatsApp-Image-2020-08-03-at-17.26.43-225x300.jpeg 225w, https:\/\/c2gconcept.com\/wp-content\/uploads\/2020\/08\/WhatsApp-Image-2020-08-03-at-17.26.43-1153x1536.jpeg 1153w, https:\/\/c2gconcept.com\/wp-content\/uploads\/2020\/08\/WhatsApp-Image-2020-08-03-at-17.26.43.jpeg 1440w\" sizes=\"(max-width: 768px) 100vw, 768px\" \/><\/figure><\/li><li class=\"blocks-gallery-item\"><figure><img decoding=\"async\" loading=\"lazy\" width=\"768\" height=\"1024\" src=\"http:\/\/c2gconcept.com\/wp-content\/uploads\/2020\/08\/LSP40-int\u00e9rieur-768x1024.jpeg\" alt=\"\" data-id=\"4417\" data-link=\"http:\/\/c2gconcept.com\/index.php\/lsp40\/lsp40-interieur\/\" class=\"wp-image-4417\" srcset=\"https:\/\/c2gconcept.com\/wp-content\/uploads\/2020\/08\/LSP40-int\u00e9rieur-768x1023.jpeg 768w, https:\/\/c2gconcept.com\/wp-content\/uploads\/2020\/08\/LSP40-int\u00e9rieur-225x300.jpeg 225w, https:\/\/c2gconcept.com\/wp-content\/uploads\/2020\/08\/LSP40-int\u00e9rieur-1153x1536.jpeg 1153w, https:\/\/c2gconcept.com\/wp-content\/uploads\/2020\/08\/LSP40-int\u00e9rieur.jpeg 1440w\" sizes=\"(max-width: 768px) 100vw, 768px\" \/><\/figure><\/li><li class=\"blocks-gallery-item\"><figure><img decoding=\"async\" loading=\"lazy\" width=\"768\" height=\"1024\" src=\"http:\/\/c2gconcept.com\/wp-content\/uploads\/2020\/08\/IMG20200629182823-768x1024.jpg\" alt=\"\" data-id=\"4418\" data-link=\"http:\/\/c2gconcept.com\/index.php\/lsp40\/img20200629182823\/\" class=\"wp-image-4418\" srcset=\"https:\/\/c2gconcept.com\/wp-content\/uploads\/2020\/08\/IMG20200629182823-768x1024.jpg 768w, https:\/\/c2gconcept.com\/wp-content\/uploads\/2020\/08\/IMG20200629182823-225x300.jpg 225w, https:\/\/c2gconcept.com\/wp-content\/uploads\/2020\/08\/IMG20200629182823-1152x1536.jpg 1152w, https:\/\/c2gconcept.com\/wp-content\/uploads\/2020\/08\/IMG20200629182823-1536x2048.jpg 1536w, https:\/\/c2gconcept.com\/wp-content\/uploads\/2020\/08\/IMG20200629182823-1568x2091.jpg 1568w, https:\/\/c2gconcept.com\/wp-content\/uploads\/2020\/08\/IMG20200629182823-scaled.jpg 1920w\" sizes=\"(max-width: 768px) 100vw, 768px\" \/><\/figure><\/li><li class=\"blocks-gallery-item\"><figure><img decoding=\"async\" loading=\"lazy\" width=\"768\" height=\"1024\" src=\"http:\/\/c2gconcept.com\/wp-content\/uploads\/2020\/08\/WhatsApp-Image-2020-08-03-at-17.46.37-768x1024.jpeg\" alt=\"\" data-id=\"4419\" data-full-url=\"http:\/\/c2gconcept.com\/wp-content\/uploads\/2020\/08\/WhatsApp-Image-2020-08-03-at-17.46.37.jpeg\" data-link=\"http:\/\/c2gconcept.com\/index.php\/lsp40\/whatsapp-image-2020-08-03-at-17-46-37\/\" class=\"wp-image-4419\" srcset=\"https:\/\/c2gconcept.com\/wp-content\/uploads\/2020\/08\/WhatsApp-Image-2020-08-03-at-17.46.37-768x1023.jpeg 768w, https:\/\/c2gconcept.com\/wp-content\/uploads\/2020\/08\/WhatsApp-Image-2020-08-03-at-17.46.37-225x300.jpeg 225w, https:\/\/c2gconcept.com\/wp-content\/uploads\/2020\/08\/WhatsApp-Image-2020-08-03-at-17.46.37-1153x1536.jpeg 1153w, https:\/\/c2gconcept.com\/wp-content\/uploads\/2020\/08\/WhatsApp-Image-2020-08-03-at-17.46.37.jpeg 1440w\" sizes=\"(max-width: 768px) 100vw, 768px\" \/><\/figure><\/li><\/ul><\/figure>\n\n\n\n<p class=\"has-text-align-center has-large-font-size\"><strong>Egalement une autre disposition dans notre LSP40.<\/strong><\/p>\n\n\n\n<figure class=\"is-layout-flex wp-block-gallery-8 wp-block-gallery columns-0 is-cropped\"><ul class=\"blocks-gallery-grid\"><li class=\"blocks-gallery-item\"><figure><img decoding=\"async\" loading=\"lazy\" width=\"1024\" height=\"737\" src=\"http:\/\/c2gconcept.com\/wp-content\/uploads\/2020\/11\/IMG-20201122-WA0000-1024x737.jpg\" alt=\"\" data-id=\"4503\" data-full-url=\"http:\/\/c2gconcept.com\/wp-content\/uploads\/2020\/11\/IMG-20201122-WA0000.jpg\" data-link=\"http:\/\/c2gconcept.com\/index.php\/lsp40\/amenagement-lsp40-1\/\" class=\"wp-image-4503\" srcset=\"https:\/\/c2gconcept.com\/wp-content\/uploads\/2020\/11\/IMG-20201122-WA0000-1024x737.jpg 1024w, https:\/\/c2gconcept.com\/wp-content\/uploads\/2020\/11\/IMG-20201122-WA0000-300x216.jpg 300w, https:\/\/c2gconcept.com\/wp-content\/uploads\/2020\/11\/IMG-20201122-WA0000-768x553.jpg 768w, https:\/\/c2gconcept.com\/wp-content\/uploads\/2020\/11\/IMG-20201122-WA0000.jpg 1280w\" sizes=\"(max-width: 1024px) 100vw, 1024px\" \/><\/figure><\/li><li class=\"blocks-gallery-item\"><figure><img decoding=\"async\" loading=\"lazy\" width=\"768\" height=\"1024\" src=\"http:\/\/c2gconcept.com\/wp-content\/uploads\/2020\/11\/IMG20201021143518-768x1024.jpg\" alt=\"\" data-id=\"4502\" data-full-url=\"http:\/\/c2gconcept.com\/wp-content\/uploads\/2020\/11\/IMG20201021143518-scaled.jpg\" data-link=\"http:\/\/c2gconcept.com\/index.php\/lsp40\/lsp40-1-sejour\/\" class=\"wp-image-4502\" srcset=\"https:\/\/c2gconcept.com\/wp-content\/uploads\/2020\/11\/IMG20201021143518-768x1024.jpg 768w, https:\/\/c2gconcept.com\/wp-content\/uploads\/2020\/11\/IMG20201021143518-225x300.jpg 225w, https:\/\/c2gconcept.com\/wp-content\/uploads\/2020\/11\/IMG20201021143518-1152x1536.jpg 1152w, https:\/\/c2gconcept.com\/wp-content\/uploads\/2020\/11\/IMG20201021143518-1536x2048.jpg 1536w, https:\/\/c2gconcept.com\/wp-content\/uploads\/2020\/11\/IMG20201021143518-1568x2091.jpg 1568w, https:\/\/c2gconcept.com\/wp-content\/uploads\/2020\/11\/IMG20201021143518-scaled.jpg 1920w\" sizes=\"(max-width: 768px) 100vw, 768px\" \/><\/figure><\/li><li class=\"blocks-gallery-item\"><figure><img decoding=\"async\" loading=\"lazy\" width=\"768\" height=\"1024\" src=\"http:\/\/c2gconcept.com\/wp-content\/uploads\/2020\/11\/IMG20201021143439-768x1024.jpg\" alt=\"\" data-id=\"4500\" data-full-url=\"http:\/\/c2gconcept.com\/wp-content\/uploads\/2020\/11\/IMG20201021143439-scaled.jpg\" data-link=\"http:\/\/c2gconcept.com\/index.php\/lsp40\/img20201021143439\/\" class=\"wp-image-4500\" srcset=\"https:\/\/c2gconcept.com\/wp-content\/uploads\/2020\/11\/IMG20201021143439-768x1024.jpg 768w, https:\/\/c2gconcept.com\/wp-content\/uploads\/2020\/11\/IMG20201021143439-225x300.jpg 225w, https:\/\/c2gconcept.com\/wp-content\/uploads\/2020\/11\/IMG20201021143439-1152x1536.jpg 1152w, https:\/\/c2gconcept.com\/wp-content\/uploads\/2020\/11\/IMG20201021143439-1536x2048.jpg 1536w, https:\/\/c2gconcept.com\/wp-content\/uploads\/2020\/11\/IMG20201021143439-1568x2091.jpg 1568w, https:\/\/c2gconcept.com\/wp-content\/uploads\/2020\/11\/IMG20201021143439-scaled.jpg 1920w\" sizes=\"(max-width: 768px) 100vw, 768px\" \/><\/figure><\/li><li class=\"blocks-gallery-item\"><figure><img decoding=\"async\" loading=\"lazy\" width=\"768\" height=\"1024\" src=\"http:\/\/c2gconcept.com\/wp-content\/uploads\/2020\/11\/IMG20201021143322-768x1024.jpg\" alt=\"\" data-id=\"4499\" data-full-url=\"http:\/\/c2gconcept.com\/wp-content\/uploads\/2020\/11\/IMG20201021143322-scaled.jpg\" data-link=\"http:\/\/c2gconcept.com\/index.php\/lsp40\/img20201021143322\/\" class=\"wp-image-4499\" srcset=\"https:\/\/c2gconcept.com\/wp-content\/uploads\/2020\/11\/IMG20201021143322-768x1024.jpg 768w, https:\/\/c2gconcept.com\/wp-content\/uploads\/2020\/11\/IMG20201021143322-225x300.jpg 225w, https:\/\/c2gconcept.com\/wp-content\/uploads\/2020\/11\/IMG20201021143322-1152x1536.jpg 1152w, https:\/\/c2gconcept.com\/wp-content\/uploads\/2020\/11\/IMG20201021143322-1536x2048.jpg 1536w, https:\/\/c2gconcept.com\/wp-content\/uploads\/2020\/11\/IMG20201021143322-1568x2091.jpg 1568w, https:\/\/c2gconcept.com\/wp-content\/uploads\/2020\/11\/IMG20201021143322-scaled.jpg 1920w\" sizes=\"(max-width: 768px) 100vw, 768px\" \/><\/figure><\/li><li class=\"blocks-gallery-item\"><figure><img decoding=\"async\" loading=\"lazy\" width=\"768\" height=\"1024\" src=\"http:\/\/c2gconcept.com\/wp-content\/uploads\/2020\/11\/IMG20201021143241-768x1024.jpg\" alt=\"\" data-id=\"4496\" data-full-url=\"http:\/\/c2gconcept.com\/wp-content\/uploads\/2020\/11\/IMG20201021143241-scaled.jpg\" data-link=\"http:\/\/c2gconcept.com\/index.php\/lsp40\/img20201021143241\/\" class=\"wp-image-4496\" srcset=\"https:\/\/c2gconcept.com\/wp-content\/uploads\/2020\/11\/IMG20201021143241-768x1024.jpg 768w, https:\/\/c2gconcept.com\/wp-content\/uploads\/2020\/11\/IMG20201021143241-225x300.jpg 225w, https:\/\/c2gconcept.com\/wp-content\/uploads\/2020\/11\/IMG20201021143241-1152x1536.jpg 1152w, https:\/\/c2gconcept.com\/wp-content\/uploads\/2020\/11\/IMG20201021143241-1536x2048.jpg 1536w, https:\/\/c2gconcept.com\/wp-content\/uploads\/2020\/11\/IMG20201021143241-1568x2091.jpg 1568w, https:\/\/c2gconcept.com\/wp-content\/uploads\/2020\/11\/IMG20201021143241-scaled.jpg 1920w\" sizes=\"(max-width: 768px) 100vw, 768px\" \/><\/figure><\/li><li class=\"blocks-gallery-item\"><figure><img decoding=\"async\" loading=\"lazy\" width=\"768\" height=\"1024\" src=\"http:\/\/c2gconcept.com\/wp-content\/uploads\/2020\/11\/IMG20201021143128-768x1024.jpg\" alt=\"\" data-id=\"4492\" data-full-url=\"http:\/\/c2gconcept.com\/wp-content\/uploads\/2020\/11\/IMG20201021143128-scaled.jpg\" data-link=\"http:\/\/c2gconcept.com\/index.php\/lsp40\/lsp40-1-salle-deau\/\" class=\"wp-image-4492\" srcset=\"https:\/\/c2gconcept.com\/wp-content\/uploads\/2020\/11\/IMG20201021143128-768x1024.jpg 768w, https:\/\/c2gconcept.com\/wp-content\/uploads\/2020\/11\/IMG20201021143128-225x300.jpg 225w, https:\/\/c2gconcept.com\/wp-content\/uploads\/2020\/11\/IMG20201021143128-1152x1536.jpg 1152w, https:\/\/c2gconcept.com\/wp-content\/uploads\/2020\/11\/IMG20201021143128-1536x2048.jpg 1536w, https:\/\/c2gconcept.com\/wp-content\/uploads\/2020\/11\/IMG20201021143128-1568x2091.jpg 1568w, https:\/\/c2gconcept.com\/wp-content\/uploads\/2020\/11\/IMG20201021143128-scaled.jpg 1920w\" sizes=\"(max-width: 768px) 100vw, 768px\" \/><\/figure><\/li><li class=\"blocks-gallery-item\"><figure><img decoding=\"async\" loading=\"lazy\" width=\"768\" height=\"1024\" src=\"http:\/\/c2gconcept.com\/wp-content\/uploads\/2020\/11\/IMG20201021143106-768x1024.jpg\" alt=\"\" data-id=\"4490\" data-full-url=\"http:\/\/c2gconcept.com\/wp-content\/uploads\/2020\/11\/IMG20201021143106-scaled.jpg\" data-link=\"http:\/\/c2gconcept.com\/index.php\/lsp40\/lsp40-1-douche\/\" class=\"wp-image-4490\" srcset=\"https:\/\/c2gconcept.com\/wp-content\/uploads\/2020\/11\/IMG20201021143106-768x1024.jpg 768w, https:\/\/c2gconcept.com\/wp-content\/uploads\/2020\/11\/IMG20201021143106-225x300.jpg 225w, https:\/\/c2gconcept.com\/wp-content\/uploads\/2020\/11\/IMG20201021143106-1152x1536.jpg 1152w, https:\/\/c2gconcept.com\/wp-content\/uploads\/2020\/11\/IMG20201021143106-1536x2048.jpg 1536w, https:\/\/c2gconcept.com\/wp-content\/uploads\/2020\/11\/IMG20201021143106-1568x2091.jpg 1568w, https:\/\/c2gconcept.com\/wp-content\/uploads\/2020\/11\/IMG20201021143106-scaled.jpg 1920w\" sizes=\"(max-width: 768px) 100vw, 768px\" \/><\/figure><\/li><li class=\"blocks-gallery-item\"><figure><img decoding=\"async\" loading=\"lazy\" width=\"1024\" height=\"1024\" src=\"http:\/\/c2gconcept.com\/wp-content\/uploads\/2020\/11\/IMG_20201021_201110_275-1024x1024.jpg\" alt=\"\" data-id=\"4485\" data-full-url=\"http:\/\/c2gconcept.com\/wp-content\/uploads\/2020\/11\/IMG_20201021_201110_275.jpg\" data-link=\"http:\/\/c2gconcept.com\/index.php\/lsp40\/lsp40-1-chambre\/\" class=\"wp-image-4485\" srcset=\"https:\/\/c2gconcept.com\/wp-content\/uploads\/2020\/11\/IMG_20201021_201110_275-1024x1024.jpg 1024w, https:\/\/c2gconcept.com\/wp-content\/uploads\/2020\/11\/IMG_20201021_201110_275-300x300.jpg 300w, https:\/\/c2gconcept.com\/wp-content\/uploads\/2020\/11\/IMG_20201021_201110_275-150x150.jpg 150w, https:\/\/c2gconcept.com\/wp-content\/uploads\/2020\/11\/IMG_20201021_201110_275-768x768.jpg 768w, https:\/\/c2gconcept.com\/wp-content\/uploads\/2020\/11\/IMG_20201021_201110_275.jpg 1440w\" sizes=\"(max-width: 1024px) 100vw, 1024px\" \/><\/figure><\/li><\/ul><\/figure>\n","protected":false},"excerpt":{"rendered":"<p>Living Space 40 est une habitation pr\u00e9fabriqu\u00e9e et fournie \u00ab cl\u00e9 sur porte \u00bb. C&#8217;est \u00e0 dire comprenant: Des \u00e9l\u00e9ments d\u2019un ensemble cuisine complet comportant Frigo avec partie cong\u00e9lateur, four, plaque de cuisson, lave vaiselle, \u00e9vier. D\u2019une salle d\u2019eau et des sanitaires compos\u00e9 d&#8217;une douche italienne, lavabo, WC, Chauffe eau \u00e9lectrique&nbsp;et emplacement machine \u00e0 lessiver.<a class=\"more-link\" href=\"https:\/\/c2gconcept.com\/index.php\/lsp40\/\">Continue reading <span class=\"screen-reader-text\">&#8220;LSP40&#8221;<\/span><\/a><\/p>\n","protected":false},"author":2,"featured_media":0,"parent":0,"menu_order":0,"comment_status":"closed","ping_status":"closed","template":"","meta":{"om_disable_all_campaigns":false,"_mi_skip_tracking":false},"aioseo_notices":[],"yoast_head":"<!-- This site is optimized with the Yoast SEO plugin v21.1 - https:\/\/yoast.com\/wordpress\/plugins\/seo\/ -->\n<title>LSP40 -<\/title>\n<meta name=\"description\" content=\"Logement modulable. Container house. Prefab house. tiny house.\" \/>\n<meta name=\"robots\" content=\"index, follow, max-snippet:-1, max-image-preview:large, max-video-preview:-1\" \/>\n<link rel=\"canonical\" href=\"http:\/\/c2gconcept.com\/index.php\/lsp40\/\" \/>\n<meta property=\"og:locale\" content=\"en_US\" \/>\n<meta property=\"og:type\" content=\"article\" \/>\n<meta property=\"og:title\" content=\"LSP40 -\" \/>\n<meta property=\"og:description\" content=\"Logement modulable. Container house. Prefab house. tiny house.\" \/>\n<meta property=\"og:url\" content=\"http:\/\/c2gconcept.com\/index.php\/lsp40\/\" \/>\n<meta property=\"article:publisher\" content=\"https:\/\/www.facebook.com\/c2gconcept\/\" \/>\n<meta property=\"article:modified_time\" content=\"2020-11-24T12:57:41+00:00\" \/>\n<meta property=\"og:image\" content=\"http:\/\/c2gconcept.com\/wp-content\/uploads\/2020\/09\/LSP40-1024x576.png\" \/>\n<meta name=\"twitter:card\" content=\"summary_large_image\" \/>\n<meta name=\"twitter:label1\" content=\"Est. reading time\" \/>\n\t<meta name=\"twitter:data1\" content=\"1 minute\" \/>\n<script type=\"application\/ld+json\" class=\"yoast-schema-graph\">{\"@context\":\"https:\/\/schema.org\",\"@graph\":[{\"@type\":\"WebPage\",\"@id\":\"http:\/\/c2gconcept.com\/index.php\/lsp40\/\",\"url\":\"http:\/\/c2gconcept.com\/index.php\/lsp40\/\",\"name\":\"LSP40 -\",\"isPartOf\":{\"@id\":\"https:\/\/c2gconcept.com\/#website\"},\"datePublished\":\"2019-12-18T18:41:54+00:00\",\"dateModified\":\"2020-11-24T12:57:41+00:00\",\"description\":\"Logement modulable. Container house. Prefab house. tiny house.\",\"breadcrumb\":{\"@id\":\"http:\/\/c2gconcept.com\/index.php\/lsp40\/#breadcrumb\"},\"inLanguage\":\"en-US\",\"potentialAction\":[{\"@type\":\"ReadAction\",\"target\":[\"http:\/\/c2gconcept.com\/index.php\/lsp40\/\"]}]},{\"@type\":\"BreadcrumbList\",\"@id\":\"http:\/\/c2gconcept.com\/index.php\/lsp40\/#breadcrumb\",\"itemListElement\":[{\"@type\":\"ListItem\",\"position\":1,\"name\":\"Accueil\",\"item\":\"https:\/\/c2gconcept.com\/\"},{\"@type\":\"ListItem\",\"position\":2,\"name\":\"LSP40\"}]},{\"@type\":\"WebSite\",\"@id\":\"https:\/\/c2gconcept.com\/#website\",\"url\":\"https:\/\/c2gconcept.com\/\",\"name\":\"C2GConcept.com\",\"description\":\"\",\"publisher\":{\"@id\":\"https:\/\/c2gconcept.com\/#organization\"},\"potentialAction\":[{\"@type\":\"SearchAction\",\"target\":{\"@type\":\"EntryPoint\",\"urlTemplate\":\"https:\/\/c2gconcept.com\/?s={search_term_string}\"},\"query-input\":\"required name=search_term_string\"}],\"inLanguage\":\"en-US\"},{\"@type\":\"Organization\",\"@id\":\"https:\/\/c2gconcept.com\/#organization\",\"name\":\"C2Gconcept\",\"url\":\"https:\/\/c2gconcept.com\/\",\"logo\":{\"@type\":\"ImageObject\",\"inLanguage\":\"en-US\",\"@id\":\"https:\/\/c2gconcept.com\/#\/schema\/logo\/image\/\",\"url\":\"https:\/\/c2gconcept.com\/wp-content\/uploads\/2020\/10\/cropped-Logo-DFE-scaled-1.jpg\",\"contentUrl\":\"https:\/\/c2gconcept.com\/wp-content\/uploads\/2020\/10\/cropped-Logo-DFE-scaled-1.jpg\",\"width\":2560,\"height\":1396,\"caption\":\"C2Gconcept\"},\"image\":{\"@id\":\"https:\/\/c2gconcept.com\/#\/schema\/logo\/image\/\"},\"sameAs\":[\"https:\/\/www.facebook.com\/c2gconcept\/\"]}]}<\/script>\n<!-- \/ Yoast SEO plugin. -->","yoast_head_json":{"title":"LSP40 -","description":"Logement modulable. Container house. Prefab house. tiny house.","robots":{"index":"index","follow":"follow","max-snippet":"max-snippet:-1","max-image-preview":"max-image-preview:large","max-video-preview":"max-video-preview:-1"},"canonical":"http:\/\/c2gconcept.com\/index.php\/lsp40\/","og_locale":"en_US","og_type":"article","og_title":"LSP40 -","og_description":"Logement modulable. Container house. Prefab house. tiny house.","og_url":"http:\/\/c2gconcept.com\/index.php\/lsp40\/","article_publisher":"https:\/\/www.facebook.com\/c2gconcept\/","article_modified_time":"2020-11-24T12:57:41+00:00","og_image":[{"url":"http:\/\/c2gconcept.com\/wp-content\/uploads\/2020\/09\/LSP40-1024x576.png"}],"twitter_card":"summary_large_image","twitter_misc":{"Est. reading time":"1 minute"},"schema":{"@context":"https:\/\/schema.org","@graph":[{"@type":"WebPage","@id":"http:\/\/c2gconcept.com\/index.php\/lsp40\/","url":"http:\/\/c2gconcept.com\/index.php\/lsp40\/","name":"LSP40 -","isPartOf":{"@id":"https:\/\/c2gconcept.com\/#website"},"datePublished":"2019-12-18T18:41:54+00:00","dateModified":"2020-11-24T12:57:41+00:00","description":"Logement modulable. Container house. Prefab house. tiny house.","breadcrumb":{"@id":"http:\/\/c2gconcept.com\/index.php\/lsp40\/#breadcrumb"},"inLanguage":"en-US","potentialAction":[{"@type":"ReadAction","target":["http:\/\/c2gconcept.com\/index.php\/lsp40\/"]}]},{"@type":"BreadcrumbList","@id":"http:\/\/c2gconcept.com\/index.php\/lsp40\/#breadcrumb","itemListElement":[{"@type":"ListItem","position":1,"name":"Accueil","item":"https:\/\/c2gconcept.com\/"},{"@type":"ListItem","position":2,"name":"LSP40"}]},{"@type":"WebSite","@id":"https:\/\/c2gconcept.com\/#website","url":"https:\/\/c2gconcept.com\/","name":"C2GConcept.com","description":"","publisher":{"@id":"https:\/\/c2gconcept.com\/#organization"},"potentialAction":[{"@type":"SearchAction","target":{"@type":"EntryPoint","urlTemplate":"https:\/\/c2gconcept.com\/?s={search_term_string}"},"query-input":"required name=search_term_string"}],"inLanguage":"en-US"},{"@type":"Organization","@id":"https:\/\/c2gconcept.com\/#organization","name":"C2Gconcept","url":"https:\/\/c2gconcept.com\/","logo":{"@type":"ImageObject","inLanguage":"en-US","@id":"https:\/\/c2gconcept.com\/#\/schema\/logo\/image\/","url":"https:\/\/c2gconcept.com\/wp-content\/uploads\/2020\/10\/cropped-Logo-DFE-scaled-1.jpg","contentUrl":"https:\/\/c2gconcept.com\/wp-content\/uploads\/2020\/10\/cropped-Logo-DFE-scaled-1.jpg","width":2560,"height":1396,"caption":"C2Gconcept"},"image":{"@id":"https:\/\/c2gconcept.com\/#\/schema\/logo\/image\/"},"sameAs":["https:\/\/www.facebook.com\/c2gconcept\/"]}]}},"_links":{"self":[{"href":"https:\/\/c2gconcept.com\/index.php\/wp-json\/wp\/v2\/pages\/91"}],"collection":[{"href":"https:\/\/c2gconcept.com\/index.php\/wp-json\/wp\/v2\/pages"}],"about":[{"href":"https:\/\/c2gconcept.com\/index.php\/wp-json\/wp\/v2\/types\/page"}],"author":[{"embeddable":true,"href":"https:\/\/c2gconcept.com\/index.php\/wp-json\/wp\/v2\/users\/2"}],"replies":[{"embeddable":true,"href":"https:\/\/c2gconcept.com\/index.php\/wp-json\/wp\/v2\/comments?post=91"}],"version-history":[{"count":26,"href":"https:\/\/c2gconcept.com\/index.php\/wp-json\/wp\/v2\/pages\/91\/revisions"}],"predecessor-version":[{"id":4513,"href":"https:\/\/c2gconcept.com\/index.php\/wp-json\/wp\/v2\/pages\/91\/revisions\/4513"}],"wp:attachment":[{"href":"https:\/\/c2gconcept.com\/index.php\/wp-json\/wp\/v2\/media?parent=91"}],"curies":[{"name":"wp","href":"https:\/\/api.w.org\/{rel}","templated":true}]}}