{"id":84,"date":"2019-12-18T19:39:07","date_gmt":"2019-12-18T18:39:07","guid":{"rendered":"https:\/\/c2gconcept.wordpress.com\/?page_id=84"},"modified":"2019-12-24T18:58:06","modified_gmt":"2019-12-24T17:58:06","slug":"nos-realisations-2","status":"publish","type":"page","link":"https:\/\/c2gconcept.com\/index.php\/nos-realisations-2\/","title":{"rendered":"Nos modules"},"content":{"rendered":"\n<p><strong>\u00c9CONOMIQUE<\/strong><\/p>\n\n\n\n<p>Les avantages \u00e9conomiques sont nombreux puisque 1 module container comporte d\u00e9j\u00e0 un plancher, des murs et un toit.<\/p>\n\n\n\n<p>L&#8217;autre atout de notre concept, c&#8217;est notre usine de production qui nous permet d&#8217;organiser la fabrication des modules de mani\u00e8re rationnelle. Cela nous permet d&#8217;optimiser l&#8217;achat de l&#8217;ensemble des mat\u00e9riaux, de planifier m\u00e9thodiquement de mani\u00e8re coordonn\u00e9e des temps de main d\u2019\u0153uvre tr\u00e8s court avec un seul interlocuteur pour construire votre projet.<\/p>\n\n\n\n<p>Nos constructions sont conformes aux normes et r\u00e9glementations en vigueur, et plus particuli\u00e8rement \u00e0 celles de la R\u00e9glementation Thermique 2012 (RT 2012) garantissant ainsi un confort et des \u00e9conomies d\u2019\u00e9nergies.<\/p>\n\n\n\n<p><strong>Choisir C2G Concept, c&#8217;est r\u00e9aliser une \u00e9conomie de 20 \u00e0 30 % sur votre budget construction par rapport \u00e0 une construction contemporaine \u00e0 toit plat<\/strong><\/p>\n\n\n\n<p><strong>\u00c9COLOGIQUE<\/strong><\/p>\n\n\n\n<p>Pour concevoir votre projet, nous r\u00e9utilisons les containers maritimes qui sont stock\u00e9s sur les grandes zones portuaires Belge afin de leur donner une seconde vie.<\/p>\n\n\n\n<p>On peut \u00e9voquer ainsi un geste \u00e9co-citoyens (recyclage) pour l&#8217;environnement, car ceux-ci son destin\u00e9s \u00e0 s&#8217;entasser et \u00e0 rester sur les ports pendant de tr\u00e8s nombreuses ann\u00e9es.<\/p>\n\n\n\n<p>Aussi, notre structure en acier Corten (10 fois plus r\u00e9sistant qu&#8217;un acier classique) remplace la structure d&#8217;une construction en b\u00e9ton \u00ab dite traditionnelle \u00bb, par cons\u00e9quent nous affirmons notre volont\u00e9 d&#8217;utiliser le moins possible \u00ab de mati\u00e8re premi\u00e8re \u00bb pour pr\u00e9server l&#8217;environnement.<\/p>\n\n\n\n<p>Enfin, dans tous les types de projet que nous r\u00e9alisons, ceux-ci sont enti\u00e8rement conformes aux normes environnementales en vigueur, notamment la r\u00e9glementation thermique 2012 (RT 2012) et anticipons sur la prochaine r\u00e9glementation thermique \u00e0 venir (RT 2020).<\/p>\n\n\n\n<p>Tout ceci bien \u00e9videmment, dans l&#8217;objectif d&#8217;utiliser des \u00e9quipements avec des \u00e9nergies renouvelables (solaire, air) et qui r\u00e9duisent les consommations d&#8217;\u00e9nergies ou encore des mat\u00e9riaux de construction \u00e0 d\u00e9veloppement durable. (mat\u00e9riaux recyclable)<\/p>\n\n\n\n<p><strong>RAPIDE<\/strong><\/p>\n\n\n\n<p>Notre usine de production vous garanties des d\u00e9lais de constructions tr\u00e8s court.<\/p>\n\n\n\n<p>A l&#8217;image de l&#8217;industrie automobile, les am\u00e9nagements des modules sont r\u00e9alis\u00e9s sur des lignes de fabrication \u00e0 la cha\u00eene, destin\u00e9es \u00e0 recevoir tous les mat\u00e9riaux que composent votre futur habitat.<\/p>\n\n\n\n<p>Par cons\u00e9quent, les d\u00e9lais de mise en \u0153uvre sont inf\u00e9rieur \u00e0 6&nbsp;mois alors qu\u2019une construction traditionnelle demande en moyenne 12 mois de travaux avant livraison.<\/p>\n\n\n\n<p>De plus, l&#8217;avantage de notre outil industriel, c&#8217;est qu&#8217;il n&#8217;y a pas un grand nombre d&#8217;intervenants pour r\u00e9aliser votre projet (un chantier classique impose l&#8217;intervention de 10 entreprises en moyenne et surtout exige une parfaite coordination).<\/p>\n\n\n\n<p>Nos \u00e9quipes con\u00e7oivent l&#8217;am\u00e9nagement int\u00e9rieur et ext\u00e9rieur des modules dans un endroit sain, un environnement confortable en \u00e9t\u00e9 comme en hiver \u00e0 l&#8217;abri des intemp\u00e9ries diminuant ainsi les d\u00e9lais de r\u00e9alisation en vous garantissant un chantier propre sans d\u00e9chets sur votre terrain.<\/p>\n\n\n\n<p><strong>MODULAIRE<\/strong><\/p>\n\n\n\n<p>Notre concept constructif vous permet un large choix de mod\u00e8les d&#8217;habitat et sera s&#8217;adapter \u00e0 tous les usages et \u00e0 toutes les destinations. (maison, r\u00e9sidence \u00e9tudiante, r\u00e9sidence sociale, r\u00e9sidence senior, r\u00e9sidence de loisir, bureau, commerce, et de nombreuses options comme nos garages, abri de jardin, pool house et piscine)<\/p>\n\n\n\n<p>Votre foyer s&#8217;agrandit, vous avez besoins de plus d&#8217;espace, nos modules rectangulaires sont une solution parfaite pour assouvir vos d\u00e9sirs. Facilement adaptable et tr\u00e8s rapide, nous unissons nos modules ou vous le souhaitez. (exemple : 1 ou 2 modules accol\u00e9s \u00e0 votre habitation existante pour cr\u00e9er des pi\u00e8ces habitables suppl\u00e9mentaires ou pour cr\u00e9er un garage)<\/p>\n\n\n\n<p>Enfin, si vous ne manquez pas d&#8217;imagination et que vous avez une certaine libert\u00e9 architecturale pour faire de votre projet un projet original, vous avez toute l&#8217;autonomie et toute la libert\u00e9 de penser votre futur projet, puisque nous sommes \u00e0 votre \u00e9coute pour vous aider \u00e0 b\u00e2tir vos r\u00eaves&#8230;<\/p>\n","protected":false},"excerpt":{"rendered":"<p>\u00c9CONOMIQUE Les avantages \u00e9conomiques sont nombreux puisque 1 module container comporte d\u00e9j\u00e0 un plancher, des murs et un toit. L&#8217;autre atout de notre concept, c&#8217;est notre usine de production qui nous permet d&#8217;organiser la fabrication des modules de mani\u00e8re rationnelle. Cela nous permet d&#8217;optimiser l&#8217;achat de l&#8217;ensemble des mat\u00e9riaux, de planifier m\u00e9thodiquement de mani\u00e8re coordonn\u00e9e<a class=\"more-link\" href=\"https:\/\/c2gconcept.com\/index.php\/nos-realisations-2\/\">Continue reading <span class=\"screen-reader-text\">&#8220;Nos modules&#8221;<\/span><\/a><\/p>\n","protected":false},"author":2,"featured_media":0,"parent":0,"menu_order":0,"comment_status":"closed","ping_status":"closed","template":"","meta":{"om_disable_all_campaigns":false,"_mi_skip_tracking":false},"aioseo_notices":[],"yoast_head":"<!-- This site is optimized with the Yoast SEO plugin v21.1 - https:\/\/yoast.com\/wordpress\/plugins\/seo\/ -->\n<title>Nos modules -<\/title>\n<meta name=\"robots\" content=\"index, follow, max-snippet:-1, max-image-preview:large, max-video-preview:-1\" \/>\n<link rel=\"canonical\" href=\"http:\/\/c2gconcept.com\/index.php\/nos-realisations-2\/\" \/>\n<meta property=\"og:locale\" content=\"en_US\" \/>\n<meta property=\"og:type\" content=\"article\" \/>\n<meta property=\"og:title\" content=\"Nos modules -\" \/>\n<meta property=\"og:description\" content=\"\u00c9CONOMIQUE Les avantages \u00e9conomiques sont nombreux puisque 1 module container comporte d\u00e9j\u00e0 un plancher, des murs et un toit. L&#8217;autre atout de notre concept, c&#8217;est notre usine de production qui nous permet d&#8217;organiser la fabrication des modules de mani\u00e8re rationnelle. Cela nous permet d&#8217;optimiser l&#8217;achat de l&#8217;ensemble des mat\u00e9riaux, de planifier m\u00e9thodiquement de mani\u00e8re coordonn\u00e9eContinue reading &quot;Nos modules&quot;\" \/>\n<meta property=\"og:url\" content=\"http:\/\/c2gconcept.com\/index.php\/nos-realisations-2\/\" \/>\n<meta property=\"article:publisher\" content=\"https:\/\/www.facebook.com\/c2gconcept\/\" \/>\n<meta property=\"article:modified_time\" content=\"2019-12-24T17:58:06+00:00\" \/>\n<meta name=\"twitter:card\" content=\"summary_large_image\" \/>\n<meta name=\"twitter:label1\" content=\"Est. reading time\" \/>\n\t<meta name=\"twitter:data1\" content=\"3 minutes\" \/>\n<script type=\"application\/ld+json\" class=\"yoast-schema-graph\">{\"@context\":\"https:\/\/schema.org\",\"@graph\":[{\"@type\":\"WebPage\",\"@id\":\"http:\/\/c2gconcept.com\/index.php\/nos-realisations-2\/\",\"url\":\"http:\/\/c2gconcept.com\/index.php\/nos-realisations-2\/\",\"name\":\"Nos modules -\",\"isPartOf\":{\"@id\":\"https:\/\/c2gconcept.com\/#website\"},\"datePublished\":\"2019-12-18T18:39:07+00:00\",\"dateModified\":\"2019-12-24T17:58:06+00:00\",\"breadcrumb\":{\"@id\":\"http:\/\/c2gconcept.com\/index.php\/nos-realisations-2\/#breadcrumb\"},\"inLanguage\":\"en-US\",\"potentialAction\":[{\"@type\":\"ReadAction\",\"target\":[\"http:\/\/c2gconcept.com\/index.php\/nos-realisations-2\/\"]}]},{\"@type\":\"BreadcrumbList\",\"@id\":\"http:\/\/c2gconcept.com\/index.php\/nos-realisations-2\/#breadcrumb\",\"itemListElement\":[{\"@type\":\"ListItem\",\"position\":1,\"name\":\"Accueil\",\"item\":\"https:\/\/c2gconcept.com\/\"},{\"@type\":\"ListItem\",\"position\":2,\"name\":\"Nos modules\"}]},{\"@type\":\"WebSite\",\"@id\":\"https:\/\/c2gconcept.com\/#website\",\"url\":\"https:\/\/c2gconcept.com\/\",\"name\":\"C2GConcept.com\",\"description\":\"\",\"publisher\":{\"@id\":\"https:\/\/c2gconcept.com\/#organization\"},\"potentialAction\":[{\"@type\":\"SearchAction\",\"target\":{\"@type\":\"EntryPoint\",\"urlTemplate\":\"https:\/\/c2gconcept.com\/?s={search_term_string}\"},\"query-input\":\"required name=search_term_string\"}],\"inLanguage\":\"en-US\"},{\"@type\":\"Organization\",\"@id\":\"https:\/\/c2gconcept.com\/#organization\",\"name\":\"C2Gconcept\",\"url\":\"https:\/\/c2gconcept.com\/\",\"logo\":{\"@type\":\"ImageObject\",\"inLanguage\":\"en-US\",\"@id\":\"https:\/\/c2gconcept.com\/#\/schema\/logo\/image\/\",\"url\":\"https:\/\/c2gconcept.com\/wp-content\/uploads\/2020\/10\/cropped-Logo-DFE-scaled-1.jpg\",\"contentUrl\":\"https:\/\/c2gconcept.com\/wp-content\/uploads\/2020\/10\/cropped-Logo-DFE-scaled-1.jpg\",\"width\":2560,\"height\":1396,\"caption\":\"C2Gconcept\"},\"image\":{\"@id\":\"https:\/\/c2gconcept.com\/#\/schema\/logo\/image\/\"},\"sameAs\":[\"https:\/\/www.facebook.com\/c2gconcept\/\"]}]}<\/script>\n<!-- \/ Yoast SEO plugin. -->","yoast_head_json":{"title":"Nos modules -","robots":{"index":"index","follow":"follow","max-snippet":"max-snippet:-1","max-image-preview":"max-image-preview:large","max-video-preview":"max-video-preview:-1"},"canonical":"http:\/\/c2gconcept.com\/index.php\/nos-realisations-2\/","og_locale":"en_US","og_type":"article","og_title":"Nos modules -","og_description":"\u00c9CONOMIQUE Les avantages \u00e9conomiques sont nombreux puisque 1 module container comporte d\u00e9j\u00e0 un plancher, des murs et un toit. L&#8217;autre atout de notre concept, c&#8217;est notre usine de production qui nous permet d&#8217;organiser la fabrication des modules de mani\u00e8re rationnelle. Cela nous permet d&#8217;optimiser l&#8217;achat de l&#8217;ensemble des mat\u00e9riaux, de planifier m\u00e9thodiquement de mani\u00e8re coordonn\u00e9eContinue reading \"Nos modules\"","og_url":"http:\/\/c2gconcept.com\/index.php\/nos-realisations-2\/","article_publisher":"https:\/\/www.facebook.com\/c2gconcept\/","article_modified_time":"2019-12-24T17:58:06+00:00","twitter_card":"summary_large_image","twitter_misc":{"Est. reading time":"3 minutes"},"schema":{"@context":"https:\/\/schema.org","@graph":[{"@type":"WebPage","@id":"http:\/\/c2gconcept.com\/index.php\/nos-realisations-2\/","url":"http:\/\/c2gconcept.com\/index.php\/nos-realisations-2\/","name":"Nos modules -","isPartOf":{"@id":"https:\/\/c2gconcept.com\/#website"},"datePublished":"2019-12-18T18:39:07+00:00","dateModified":"2019-12-24T17:58:06+00:00","breadcrumb":{"@id":"http:\/\/c2gconcept.com\/index.php\/nos-realisations-2\/#breadcrumb"},"inLanguage":"en-US","potentialAction":[{"@type":"ReadAction","target":["http:\/\/c2gconcept.com\/index.php\/nos-realisations-2\/"]}]},{"@type":"BreadcrumbList","@id":"http:\/\/c2gconcept.com\/index.php\/nos-realisations-2\/#breadcrumb","itemListElement":[{"@type":"ListItem","position":1,"name":"Accueil","item":"https:\/\/c2gconcept.com\/"},{"@type":"ListItem","position":2,"name":"Nos modules"}]},{"@type":"WebSite","@id":"https:\/\/c2gconcept.com\/#website","url":"https:\/\/c2gconcept.com\/","name":"C2GConcept.com","description":"","publisher":{"@id":"https:\/\/c2gconcept.com\/#organization"},"potentialAction":[{"@type":"SearchAction","target":{"@type":"EntryPoint","urlTemplate":"https:\/\/c2gconcept.com\/?s={search_term_string}"},"query-input":"required name=search_term_string"}],"inLanguage":"en-US"},{"@type":"Organization","@id":"https:\/\/c2gconcept.com\/#organization","name":"C2Gconcept","url":"https:\/\/c2gconcept.com\/","logo":{"@type":"ImageObject","inLanguage":"en-US","@id":"https:\/\/c2gconcept.com\/#\/schema\/logo\/image\/","url":"https:\/\/c2gconcept.com\/wp-content\/uploads\/2020\/10\/cropped-Logo-DFE-scaled-1.jpg","contentUrl":"https:\/\/c2gconcept.com\/wp-content\/uploads\/2020\/10\/cropped-Logo-DFE-scaled-1.jpg","width":2560,"height":1396,"caption":"C2Gconcept"},"image":{"@id":"https:\/\/c2gconcept.com\/#\/schema\/logo\/image\/"},"sameAs":["https:\/\/www.facebook.com\/c2gconcept\/"]}]}},"_links":{"self":[{"href":"https:\/\/c2gconcept.com\/index.php\/wp-json\/wp\/v2\/pages\/84"}],"collection":[{"href":"https:\/\/c2gconcept.com\/index.php\/wp-json\/wp\/v2\/pages"}],"about":[{"href":"https:\/\/c2gconcept.com\/index.php\/wp-json\/wp\/v2\/types\/page"}],"author":[{"embeddable":true,"href":"https:\/\/c2gconcept.com\/index.php\/wp-json\/wp\/v2\/users\/2"}],"replies":[{"embeddable":true,"href":"https:\/\/c2gconcept.com\/index.php\/wp-json\/wp\/v2\/comments?post=84"}],"version-history":[{"count":1,"href":"https:\/\/c2gconcept.com\/index.php\/wp-json\/wp\/v2\/pages\/84\/revisions"}],"predecessor-version":[{"id":4355,"href":"https:\/\/c2gconcept.com\/index.php\/wp-json\/wp\/v2\/pages\/84\/revisions\/4355"}],"wp:attachment":[{"href":"https:\/\/c2gconcept.com\/index.php\/wp-json\/wp\/v2\/media?parent=84"}],"curies":[{"name":"wp","href":"https:\/\/api.w.org\/{rel}","templated":true}]}}