{"id":71,"date":"2019-12-18T19:40:44","date_gmt":"2019-12-18T18:40:44","guid":{"rendered":"https:\/\/c2gconcept.wordpress.com\/?page_id=4"},"modified":"2023-01-19T19:37:17","modified_gmt":"2023-01-19T18:37:17","slug":"home","status":"publish","type":"page","link":"https:\/\/c2gconcept.com\/","title":{"rendered":"Accueil"},"content":{"rendered":"\r\n<figure class=\"wp-block-image alignwide size-large\"><img decoding=\"async\" loading=\"lazy\" width=\"1024\" height=\"576\" class=\"wp-image-4452\" src=\"https:\/\/c2gconcept.com\/wp-content\/uploads\/2020\/10\/THE-DOUBLE-WITH-LOGO-mail-1024x576.png\" alt=\"\" srcset=\"https:\/\/c2gconcept.com\/wp-content\/uploads\/2020\/10\/THE-DOUBLE-WITH-LOGO-mail-1024x576.png 1024w, https:\/\/c2gconcept.com\/wp-content\/uploads\/2020\/10\/THE-DOUBLE-WITH-LOGO-mail-300x169.png 300w, https:\/\/c2gconcept.com\/wp-content\/uploads\/2020\/10\/THE-DOUBLE-WITH-LOGO-mail-768x432.png 768w, https:\/\/c2gconcept.com\/wp-content\/uploads\/2020\/10\/THE-DOUBLE-WITH-LOGO-mail-1536x864.png 1536w, https:\/\/c2gconcept.com\/wp-content\/uploads\/2020\/10\/THE-DOUBLE-WITH-LOGO-mail-1568x882.png 1568w, https:\/\/c2gconcept.com\/wp-content\/uploads\/2020\/10\/THE-DOUBLE-WITH-LOGO-mail.png 1885w\" sizes=\"(max-width: 1024px) 100vw, 1024px\" \/><\/figure>\r\n\r\n\r\n\r\n<h2 class=\"has-text-align-center\"><span style=\"vertical-align: inherit;\"><span style=\"vertical-align: inherit;\"><span style=\"vertical-align: inherit;\"><span style=\"vertical-align: inherit;\">\u00c0 propos de nous<\/span><\/span><\/span><\/span><\/h2>\r\n\r\n\r\n\r\n<div class=\"wp-block-media-text alignwide is-stacked-on-mobile\" style=\"grid-template-columns: 37% auto;\">\r\n<figure class=\"wp-block-media-text__media\"><img decoding=\"async\" loading=\"lazy\" width=\"2448\" height=\"3264\" class=\"wp-image-24\" src=\"http:\/\/c2gconcept.com\/wp-content\/uploads\/2019\/12\/test-site-construction.jpeg?w=768\" alt=\"\" srcset=\"https:\/\/c2gconcept.com\/wp-content\/uploads\/2019\/12\/test-site-construction.jpeg 2448w, https:\/\/c2gconcept.com\/wp-content\/uploads\/2019\/12\/test-site-construction-225x300.jpeg 225w, https:\/\/c2gconcept.com\/wp-content\/uploads\/2019\/12\/test-site-construction-768x1024.jpeg 768w, https:\/\/c2gconcept.com\/wp-content\/uploads\/2019\/12\/test-site-construction-1568x2091.jpeg 1568w\" sizes=\"(max-width: 2448px) 100vw, 2448px\" \/><\/figure>\r\n<div class=\"wp-block-media-text__content\">\r\n<p class=\"has-small-font-size\"><span style=\"vertical-align: inherit;\"><span style=\"vertical-align: inherit;\"><span style=\"vertical-align: inherit;\"><span style=\"vertical-align: inherit;\">Fabricant, constructeur, promoteur, nous r\u00e9alisons votre projet d&#8217;habitat \u00e0 partir de modules conteneurs maritimes que nous am\u00e9nageons dans notre usine, pour \u00eatre transport\u00e9s et livr\u00e9s sur votre terrain dans des d\u00e9lais records.<\/span><\/span><\/span><\/span><\/p>\r\n<\/div>\r\n<\/div>\r\n\r\n\r\n\r\n<div class=\"wp-block-media-text alignwide has-media-on-the-right is-stacked-on-mobile\" style=\"grid-template-columns: auto 60%;\">\r\n<figure class=\"wp-block-media-text__media\"><img decoding=\"async\" class=\"wp-image-22\" src=\"https:\/\/c2gconcept.files.wordpress.com\/2019\/12\/pexels-photo-416405.jpeg?w=740\" alt=\"\" \/><\/figure>\r\n<div class=\"wp-block-media-text__content\">\r\n<p class=\"has-small-font-size\"><span style=\"vertical-align: inherit;\"><span style=\"vertical-align: inherit;\"><span style=\"vertical-align: inherit;\"><span style=\"vertical-align: inherit;\">Cr\u00e9atif, modulaire, rapidit\u00e9 de construction, respect des normes thermiques, qualit\u00e9s environnementales, \u00e9cologique et surtout \u00e9conomique, notre volont\u00e9 est de construire ensemble l&#8217;habitat de demain. <\/span><\/span><\/span><span style=\"vertical-align: inherit;\"><span style=\"vertical-align: inherit;\"><span style=\"vertical-align: inherit;\">Notre souhait est de vous offrir la construction d&#8217;un habitat accessible pour tous en vous propose encore plus d&#8217;avantages qu&#8217;une construction de type traditionnelle gr\u00e2ce \u00e0 notre proc\u00e9d\u00e9 industriel qui r\u00e9duit ainsi les co\u00fbts de construction en vous proposant l&#8217;habitat le moins cher du march\u00e9 avec des d\u00e9lais de mise en \u0153uvre inf\u00e9rieur \u00e0 4 mois.<\/span><\/span><\/span><\/span><\/p>\r\n\r\n\r\n\r\n<p class=\"has-small-font-size\">\u00a0<\/p>\r\n<\/div>\r\n<\/div>\r\n\r\n\r\n<hr class=\"wp-block-separator\" \/>\r\n\r\n\r\n<h2 class=\"has-text-align-center\"><span style=\"vertical-align: inherit;\"><span style=\"vertical-align: inherit;\"><span style=\"vertical-align: inherit;\"><span style=\"vertical-align: inherit;\">Nos services<\/span><\/span><\/span><\/span><\/h2>\r\n\r\n\r\n\r\n<div class=\"wp-block-media-text alignwide is-stacked-on-mobile\" style=\"grid-template-columns: 60% auto;\">\r\n<figure class=\"wp-block-media-text__media\"><img decoding=\"async\" class=\"wp-image-48\" src=\"https:\/\/c2gconcept.files.wordpress.com\/2019\/12\/architecture-1857175_1920.jpg?w=740\" alt=\"\" \/><\/figure>\r\n<div class=\"wp-block-media-text__content\">\r\n<p class=\"has-small-font-size\"><span style=\"vertical-align: inherit;\"><span style=\"vertical-align: inherit;\"><span style=\"vertical-align: inherit;\"><span style=\"vertical-align: inherit;\">Nous poss\u00e9dons les outils et l&#8217;exp\u00e9rience pour faciliter la r\u00e9alisation de votre projet. <\/span><\/span><\/span><span style=\"vertical-align: inherit;\"><span style=\"vertical-align: inherit;\"><span style=\"vertical-align: inherit;\">Aucun projet n&#8217;est trop grand ou trop petit.<\/span><\/span><\/span><\/span><\/p>\r\n<\/div>\r\n<\/div>\r\n\r\n\r\n\r\n<div class=\"wp-block-media-text alignwide has-media-on-the-right is-stacked-on-mobile\" style=\"grid-template-columns: auto 60%;\">\r\n<figure class=\"wp-block-media-text__media\"><img decoding=\"async\" class=\"wp-image-47\" src=\"https:\/\/c2gconcept.files.wordpress.com\/2019\/12\/construction-1491692_1920.jpg?w=740\" alt=\"\" \/><\/figure>\r\n<div class=\"wp-block-media-text__content\">\r\n<p class=\"has-small-font-size\"><span style=\"vertical-align: inherit;\"><span style=\"vertical-align: inherit;\"><span style=\"vertical-align: inherit;\"><span style=\"vertical-align: inherit;\">Nous sommes toujours heureux de pouvoir discuter avec vous de la meilleure fa\u00e7on de satisfaire vos besoins. <\/span><\/span><\/span><span style=\"vertical-align: inherit;\"><span style=\"vertical-align: inherit;\"><span style=\"vertical-align: inherit;\">Contactez-nous \u00e0 l&#8217;aide du formulaire ci-apr\u00e8s pour lancer votre prochain projet !<\/span><\/span><\/span><\/span><\/p>\r\n<\/div>\r\n<\/div>\r\n\r\n\r\n<hr class=\"wp-block-separator\" \/>\r\n\r\n\r\n<h2 class=\"has-text-align-center\"><span style=\"vertical-align: inherit;\"><span style=\"vertical-align: inherit;\"><span style=\"vertical-align: inherit;\"><span style=\"vertical-align: inherit;\">Contactez-nous<\/span><\/span><\/span><\/span><\/h2>\r\n\r\n\r\n\r\n<p><strong><span style=\"vertical-align: inherit;\"><span style=\"vertical-align: inherit;\"><span style=\"vertical-align: inherit;\"><span style=\"vertical-align: inherit;\">C2G Concept-Live partout<\/span><\/span><\/span><\/span><\/strong><br \/><span style=\"vertical-align: inherit;\"><span style=\"vertical-align: inherit;\"><span style=\"vertical-align: inherit;\"><span style=\"vertical-align: inherit;\"> Chemin du Grand Biseu n\u00b06 &#8211; 4970 Stavelot <\/span><\/span><\/span><\/span><br \/><span style=\"vertical-align: inherit;\"><span style=\"vertical-align: inherit;\"><span style=\"vertical-align: inherit;\"><span style=\"vertical-align: inherit;\">GSM : +32(0)499\/800.709<\/span><\/span><\/span><\/span><\/p>\r\n\r\n\r\n<hr class=\"wp-block-separator\" \/>\r\n\r\n\r\n<h2 class=\"has-text-align-center\"><span style=\"vertical-align: inherit;\"><span style=\"vertical-align: inherit;\">Ecrivez nous votre message.<\/span><\/span><\/h2>\r\n\r\n\r\n<hr class=\"wp-block-separator\" \/>\r\n\r\n<div class=\"wpforms-container wpforms-container-full\" id=\"wpforms-4342\"><form id=\"wpforms-form-4342\" class=\"wpforms-validate wpforms-form\" data-formid=\"4342\" method=\"post\" enctype=\"multipart\/form-data\" action=\"\/index.php\/wp-json\/wp\/v2\/pages\/71\" data-token=\"522a57ddba3632f01351b5fcfc6f64e6\"><noscript class=\"wpforms-error-noscript\">Please enable JavaScript in your browser to complete this form.<\/noscript><div class=\"wpforms-field-container\"><div id=\"wpforms-4342-field_0-container\" class=\"wpforms-field wpforms-field-name\" data-field-id=\"0\"><label class=\"wpforms-field-label\" for=\"wpforms-4342-field_0\">Nom <span class=\"wpforms-required-label\">*<\/span><\/label><div class=\"wpforms-field-row wpforms-field-medium\"><div class=\"wpforms-field-row-block wpforms-first wpforms-one-half\"><input type=\"text\" id=\"wpforms-4342-field_0\" class=\"wpforms-field-name-first wpforms-field-required\" name=\"wpforms[fields][0][first]\" required><label for=\"wpforms-4342-field_0\" class=\"wpforms-field-sublabel after \">First<\/label><\/div><div class=\"wpforms-field-row-block wpforms-one-half\"><input type=\"text\" id=\"wpforms-4342-field_0-last\" class=\"wpforms-field-name-last wpforms-field-required\" name=\"wpforms[fields][0][last]\" required><label for=\"wpforms-4342-field_0-last\" class=\"wpforms-field-sublabel after \">Last<\/label><\/div><\/div><\/div><div id=\"wpforms-4342-field_3-container\" class=\"wpforms-field wpforms-field-text\" data-field-id=\"3\"><label class=\"wpforms-field-label\" for=\"wpforms-4342-field_3\">Num\u00e9ro de contact <span class=\"wpforms-required-label\">*<\/span><\/label><input type=\"text\" id=\"wpforms-4342-field_3\" class=\"wpforms-field-medium wpforms-field-required\" name=\"wpforms[fields][3]\" required><\/div><div id=\"wpforms-4342-field_1-container\" class=\"wpforms-field wpforms-field-email\" data-field-id=\"1\"><label class=\"wpforms-field-label\" for=\"wpforms-4342-field_1\">E-mail <span class=\"wpforms-required-label\">*<\/span><\/label><input type=\"email\" id=\"wpforms-4342-field_1\" class=\"wpforms-field-medium wpforms-field-required\" name=\"wpforms[fields][1]\" required><\/div><div id=\"wpforms-4342-field_2-container\" class=\"wpforms-field wpforms-field-textarea\" data-field-id=\"2\"><label class=\"wpforms-field-label\" for=\"wpforms-4342-field_2\">Commentaire ou message <span class=\"wpforms-required-label\">*<\/span><\/label><textarea id=\"wpforms-4342-field_2\" class=\"wpforms-field-medium wpforms-field-required\" name=\"wpforms[fields][2]\" required><\/textarea><\/div><\/div><div class=\"wpforms-field wpforms-field-hp\"><label for=\"wpforms-4342-field-hp\" class=\"wpforms-field-label\">Phone<\/label><input type=\"text\" name=\"wpforms[hp]\" id=\"wpforms-4342-field-hp\" class=\"wpforms-field-medium\"><\/div><div class=\"wpforms-recaptcha-container wpforms-is-recaptcha\"><div class=\"g-recaptcha\" data-sitekey=\"6LdFk-8ZAAAAAOP75cEkiBxGKw99wCwTmrTCo_3_\"><\/div><input type=\"text\" name=\"g-recaptcha-hidden\" class=\"wpforms-recaptcha-hidden\" style=\"position:absolute!important;clip:rect(0,0,0,0)!important;height:1px!important;width:1px!important;border:0!important;overflow:hidden!important;padding:0!important;margin:0!important;\" required><\/div><div class=\"wpforms-submit-container\"><input type=\"hidden\" name=\"wpforms[id]\" value=\"4342\"><input type=\"hidden\" name=\"wpforms[author]\" value=\"2\"><button type=\"submit\" name=\"wpforms[submit]\" id=\"wpforms-submit-4342\" class=\"wpforms-submit\" data-alt-text=\"Envoi...\" data-submit-text=\"Envoyer\" aria-live=\"assertive\" value=\"wpforms-submit\">Envoyer<\/button><\/div><\/form><\/div>  <!-- .wpforms-container -->\r\n\r\n\r\n<p class=\"has-small-font-size\"><span style=\"vertical-align: inherit;\"><span style=\"vertical-align: inherit;\"><span style=\"vertical-align: inherit;\"><span style=\"vertical-align: inherit;\">Copyright C2G Concept-Vivre partout &#8211; Tous droits r\u00e9serv\u00e9s<\/span><\/span><\/span><\/span><\/p>\r\n","protected":false},"excerpt":{"rendered":"<p>\u00c0 propos de nous Fabricant, constructeur, promoteur, nous r\u00e9alisons votre projet d&#8217;habitat \u00e0 partir de modules conteneurs maritimes que nous am\u00e9nageons dans notre usine, pour \u00eatre transport\u00e9s et livr\u00e9s sur votre terrain dans des d\u00e9lais records. Cr\u00e9atif, modulaire, rapidit\u00e9 de construction, respect des normes thermiques, qualit\u00e9s environnementales, \u00e9cologique et surtout \u00e9conomique, notre volont\u00e9 est de<a class=\"more-link\" href=\"https:\/\/c2gconcept.com\/\">Continue reading <span class=\"screen-reader-text\">&#8220;Accueil&#8221;<\/span><\/a><\/p>\n","protected":false},"author":2,"featured_media":4452,"parent":0,"menu_order":1,"comment_status":"closed","ping_status":"closed","template":"","meta":{"om_disable_all_campaigns":false,"_mi_skip_tracking":false},"aioseo_notices":[],"yoast_head":"<!-- This site is optimized with the Yoast SEO plugin v21.1 - https:\/\/yoast.com\/wordpress\/plugins\/seo\/ -->\n<title>Accueil -<\/title>\n<meta name=\"robots\" content=\"index, follow, max-snippet:-1, max-image-preview:large, max-video-preview:-1\" \/>\n<link rel=\"canonical\" href=\"https:\/\/c2gconcept.com\/\" \/>\n<meta property=\"og:locale\" content=\"en_US\" \/>\n<meta property=\"og:type\" content=\"article\" \/>\n<meta property=\"og:title\" content=\"Accueil -\" \/>\n<meta property=\"og:description\" content=\"\u00c0 propos de nous Fabricant, constructeur, promoteur, nous r\u00e9alisons votre projet d&#8217;habitat \u00e0 partir de modules conteneurs maritimes que nous am\u00e9nageons dans notre usine, pour \u00eatre transport\u00e9s et livr\u00e9s sur votre terrain dans des d\u00e9lais records. Cr\u00e9atif, modulaire, rapidit\u00e9 de construction, respect des normes thermiques, qualit\u00e9s environnementales, \u00e9cologique et surtout \u00e9conomique, notre volont\u00e9 est deContinue reading &quot;Accueil&quot;\" \/>\n<meta property=\"og:url\" content=\"https:\/\/c2gconcept.com\/\" \/>\n<meta property=\"article:publisher\" content=\"https:\/\/www.facebook.com\/c2gconcept\/\" \/>\n<meta property=\"article:modified_time\" content=\"2023-01-19T18:37:17+00:00\" \/>\n<meta property=\"og:image\" content=\"https:\/\/c2gconcept.com\/wp-content\/uploads\/2020\/10\/THE-DOUBLE-WITH-LOGO-mail-1024x576.png\" \/>\n\t<meta property=\"og:image:width\" content=\"1024\" \/>\n\t<meta property=\"og:image:height\" content=\"576\" \/>\n\t<meta property=\"og:image:type\" content=\"image\/png\" \/>\n<meta name=\"twitter:card\" content=\"summary_large_image\" \/>\n<meta name=\"twitter:label1\" content=\"Est. reading time\" \/>\n\t<meta name=\"twitter:data1\" content=\"2 minutes\" \/>\n<script type=\"application\/ld+json\" class=\"yoast-schema-graph\">{\"@context\":\"https:\/\/schema.org\",\"@graph\":[{\"@type\":\"WebPage\",\"@id\":\"https:\/\/c2gconcept.com\/\",\"url\":\"https:\/\/c2gconcept.com\/\",\"name\":\"Accueil -\",\"isPartOf\":{\"@id\":\"https:\/\/c2gconcept.com\/#website\"},\"datePublished\":\"2019-12-18T18:40:44+00:00\",\"dateModified\":\"2023-01-19T18:37:17+00:00\",\"breadcrumb\":{\"@id\":\"https:\/\/c2gconcept.com\/#breadcrumb\"},\"inLanguage\":\"en-US\",\"potentialAction\":[{\"@type\":\"ReadAction\",\"target\":[\"https:\/\/c2gconcept.com\/\"]}]},{\"@type\":\"BreadcrumbList\",\"@id\":\"https:\/\/c2gconcept.com\/#breadcrumb\",\"itemListElement\":[{\"@type\":\"ListItem\",\"position\":1,\"name\":\"Accueil\",\"item\":\"https:\/\/c2gconcept.com\/\"},{\"@type\":\"ListItem\",\"position\":2,\"name\":\"Accueil\"}]},{\"@type\":\"WebSite\",\"@id\":\"https:\/\/c2gconcept.com\/#website\",\"url\":\"https:\/\/c2gconcept.com\/\",\"name\":\"C2GConcept.com\",\"description\":\"\",\"publisher\":{\"@id\":\"https:\/\/c2gconcept.com\/#organization\"},\"potentialAction\":[{\"@type\":\"SearchAction\",\"target\":{\"@type\":\"EntryPoint\",\"urlTemplate\":\"https:\/\/c2gconcept.com\/?s={search_term_string}\"},\"query-input\":\"required name=search_term_string\"}],\"inLanguage\":\"en-US\"},{\"@type\":\"Organization\",\"@id\":\"https:\/\/c2gconcept.com\/#organization\",\"name\":\"C2Gconcept\",\"url\":\"https:\/\/c2gconcept.com\/\",\"logo\":{\"@type\":\"ImageObject\",\"inLanguage\":\"en-US\",\"@id\":\"https:\/\/c2gconcept.com\/#\/schema\/logo\/image\/\",\"url\":\"https:\/\/c2gconcept.com\/wp-content\/uploads\/2020\/10\/cropped-Logo-DFE-scaled-1.jpg\",\"contentUrl\":\"https:\/\/c2gconcept.com\/wp-content\/uploads\/2020\/10\/cropped-Logo-DFE-scaled-1.jpg\",\"width\":2560,\"height\":1396,\"caption\":\"C2Gconcept\"},\"image\":{\"@id\":\"https:\/\/c2gconcept.com\/#\/schema\/logo\/image\/\"},\"sameAs\":[\"https:\/\/www.facebook.com\/c2gconcept\/\"]}]}<\/script>\n<!-- \/ Yoast SEO plugin. -->","yoast_head_json":{"title":"Accueil -","robots":{"index":"index","follow":"follow","max-snippet":"max-snippet:-1","max-image-preview":"max-image-preview:large","max-video-preview":"max-video-preview:-1"},"canonical":"https:\/\/c2gconcept.com\/","og_locale":"en_US","og_type":"article","og_title":"Accueil -","og_description":"\u00c0 propos de nous Fabricant, constructeur, promoteur, nous r\u00e9alisons votre projet d&#8217;habitat \u00e0 partir de modules conteneurs maritimes que nous am\u00e9nageons dans notre usine, pour \u00eatre transport\u00e9s et livr\u00e9s sur votre terrain dans des d\u00e9lais records. Cr\u00e9atif, modulaire, rapidit\u00e9 de construction, respect des normes thermiques, qualit\u00e9s environnementales, \u00e9cologique et surtout \u00e9conomique, notre volont\u00e9 est deContinue reading \"Accueil\"","og_url":"https:\/\/c2gconcept.com\/","article_publisher":"https:\/\/www.facebook.com\/c2gconcept\/","article_modified_time":"2023-01-19T18:37:17+00:00","og_image":[{"width":1024,"height":576,"url":"https:\/\/c2gconcept.com\/wp-content\/uploads\/2020\/10\/THE-DOUBLE-WITH-LOGO-mail-1024x576.png","type":"image\/png"}],"twitter_card":"summary_large_image","twitter_misc":{"Est. reading time":"2 minutes"},"schema":{"@context":"https:\/\/schema.org","@graph":[{"@type":"WebPage","@id":"https:\/\/c2gconcept.com\/","url":"https:\/\/c2gconcept.com\/","name":"Accueil -","isPartOf":{"@id":"https:\/\/c2gconcept.com\/#website"},"datePublished":"2019-12-18T18:40:44+00:00","dateModified":"2023-01-19T18:37:17+00:00","breadcrumb":{"@id":"https:\/\/c2gconcept.com\/#breadcrumb"},"inLanguage":"en-US","potentialAction":[{"@type":"ReadAction","target":["https:\/\/c2gconcept.com\/"]}]},{"@type":"BreadcrumbList","@id":"https:\/\/c2gconcept.com\/#breadcrumb","itemListElement":[{"@type":"ListItem","position":1,"name":"Accueil","item":"https:\/\/c2gconcept.com\/"},{"@type":"ListItem","position":2,"name":"Accueil"}]},{"@type":"WebSite","@id":"https:\/\/c2gconcept.com\/#website","url":"https:\/\/c2gconcept.com\/","name":"C2GConcept.com","description":"","publisher":{"@id":"https:\/\/c2gconcept.com\/#organization"},"potentialAction":[{"@type":"SearchAction","target":{"@type":"EntryPoint","urlTemplate":"https:\/\/c2gconcept.com\/?s={search_term_string}"},"query-input":"required name=search_term_string"}],"inLanguage":"en-US"},{"@type":"Organization","@id":"https:\/\/c2gconcept.com\/#organization","name":"C2Gconcept","url":"https:\/\/c2gconcept.com\/","logo":{"@type":"ImageObject","inLanguage":"en-US","@id":"https:\/\/c2gconcept.com\/#\/schema\/logo\/image\/","url":"https:\/\/c2gconcept.com\/wp-content\/uploads\/2020\/10\/cropped-Logo-DFE-scaled-1.jpg","contentUrl":"https:\/\/c2gconcept.com\/wp-content\/uploads\/2020\/10\/cropped-Logo-DFE-scaled-1.jpg","width":2560,"height":1396,"caption":"C2Gconcept"},"image":{"@id":"https:\/\/c2gconcept.com\/#\/schema\/logo\/image\/"},"sameAs":["https:\/\/www.facebook.com\/c2gconcept\/"]}]}},"_links":{"self":[{"href":"https:\/\/c2gconcept.com\/index.php\/wp-json\/wp\/v2\/pages\/71"}],"collection":[{"href":"https:\/\/c2gconcept.com\/index.php\/wp-json\/wp\/v2\/pages"}],"about":[{"href":"https:\/\/c2gconcept.com\/index.php\/wp-json\/wp\/v2\/types\/page"}],"author":[{"embeddable":true,"href":"https:\/\/c2gconcept.com\/index.php\/wp-json\/wp\/v2\/users\/2"}],"replies":[{"embeddable":true,"href":"https:\/\/c2gconcept.com\/index.php\/wp-json\/wp\/v2\/comments?post=71"}],"version-history":[{"count":9,"href":"https:\/\/c2gconcept.com\/index.php\/wp-json\/wp\/v2\/pages\/71\/revisions"}],"predecessor-version":[{"id":4551,"href":"https:\/\/c2gconcept.com\/index.php\/wp-json\/wp\/v2\/pages\/71\/revisions\/4551"}],"wp:featuredmedia":[{"embeddable":true,"href":"https:\/\/c2gconcept.com\/index.php\/wp-json\/wp\/v2\/media\/4452"}],"wp:attachment":[{"href":"https:\/\/c2gconcept.com\/index.php\/wp-json\/wp\/v2\/media?parent=71"}],"curies":[{"name":"wp","href":"https:\/\/api.w.org\/{rel}","templated":true}]}}