{"id":70,"date":"2019-12-18T19:32:30","date_gmt":"2019-12-18T18:32:30","guid":{"rendered":"https:\/\/c2gconcept.wordpress.com\/?page_id=70"},"modified":"2021-02-08T08:33:42","modified_gmt":"2021-02-08T07:33:42","slug":"lsp20","status":"publish","type":"page","link":"https:\/\/c2gconcept.com\/index.php\/lsp20\/","title":{"rendered":"LSP20"},"content":{"rendered":"\n<figure class=\"wp-block-image size-large\"><img decoding=\"async\" loading=\"lazy\" width=\"1024\" height=\"576\" src=\"http:\/\/c2gconcept.com\/wp-content\/uploads\/2020\/10\/IMG-20201009-WA0000-1024x576.jpg\" alt=\"\" class=\"wp-image-4447\" srcset=\"https:\/\/c2gconcept.com\/wp-content\/uploads\/2020\/10\/IMG-20201009-WA0000-1024x576.jpg 1024w, https:\/\/c2gconcept.com\/wp-content\/uploads\/2020\/10\/IMG-20201009-WA0000-300x169.jpg 300w, https:\/\/c2gconcept.com\/wp-content\/uploads\/2020\/10\/IMG-20201009-WA0000-768x432.jpg 768w, https:\/\/c2gconcept.com\/wp-content\/uploads\/2020\/10\/IMG-20201009-WA0000.jpg 1280w\" sizes=\"(max-width: 1024px) 100vw, 1024px\" \/><\/figure>\n\n\n\n<p><strong><em>Living Space 20<\/em><\/strong>   Petit, confortable, avec une immense fen\u00eatre coulissante.&nbsp;Vous pouvez y vivre, travailler et vous reposer.&nbsp;O\u00f9 vous voulez.&nbsp;La seule limite est votre imagination &#8230;  LSP20 est une habitation pr\u00e9fabriqu\u00e9e et fournie \u00ab cl\u00e9 sur porte \u00bb.  C&#8217;est \u00e0 dire comprenant: <\/p>\n\n\n\n<div class=\"is-layout-flow wp-block-group\"><div class=\"wp-block-group__inner-container\">\n<ul><li>Des \u00e9l\u00e9ments d\u2019un ensemble cuisine de base comportant Frigo, plaque de cuisson, \u00e9vier<strong><em>.<\/em><\/strong><\/li><li>Des sanitaires compos\u00e9 d&#8217;une douche italienne, lavabo, WC, Chauffe eau instantan\u00e9.<\/li><li>D\u2019un coin salon avec un canap\u00e9 transformable en lit double. Celui-ci est face \u00e0 un t\u00e9l\u00e9viseur. <\/li><li> grande surface vitr\u00e9e \u00e9largissant optiquement la surface utile, <br><\/li><\/ul>\n<\/div><\/div>\n\n\n\n<p>Living Space 20 est, dans cette version de base, constitu\u00e9 d\u2019un seul \u00e9l\u00e9ment et destin\u00e9 \u00e0 servir de r\u00e9sidence secondaire, par exemple dans les cas suivants:<\/p>\n\n\n\n<ul><li> mobilit\u00e9 facilit\u00e9e par les petites dimensions (longueur 6,05 m largeur 2,44 m hauteur 2,89 m), <\/li><li>Vacances courte pour 2 personnes dans les meilleures conditions de confort et de s\u00e9curit\u00e9.<\/li><li>Studio pour une ou deux personnes, install\u00e9 par exemple sur le<br>terrain de vos enfants, mais disposant d\u2019une autonomie de vie totale .<\/li><li> compl\u00e9ter la base d&#8217;h\u00e9bergement des complexes h\u00f4teliers \/ h\u00f4tels.<\/li><li>pas de fondation, pas de permis de construire.<\/li><\/ul>\n\n\n\n<figure class=\"is-layout-flex wp-block-gallery-2 wp-block-gallery columns-1 is-cropped\"><ul class=\"blocks-gallery-grid\"><li class=\"blocks-gallery-item\"><figure><img decoding=\"async\" loading=\"lazy\" width=\"636\" height=\"431\" src=\"http:\/\/c2gconcept.com\/wp-content\/uploads\/2020\/04\/LSP20-VueCoupe.jpg\" alt=\"\" data-id=\"4398\" data-full-url=\"http:\/\/c2gconcept.com\/wp-content\/uploads\/2020\/04\/LSP20-VueCoupe.jpg\" data-link=\"http:\/\/c2gconcept.com\/index.php\/lsp20\/lsp20-vuecoupe\/\" class=\"wp-image-4398\" srcset=\"https:\/\/c2gconcept.com\/wp-content\/uploads\/2020\/04\/LSP20-VueCoupe.jpg 636w, https:\/\/c2gconcept.com\/wp-content\/uploads\/2020\/04\/LSP20-VueCoupe-300x203.jpg 300w\" sizes=\"(max-width: 636px) 100vw, 636px\" \/><\/figure><\/li><\/ul><\/figure>\n\n\n\n<p> Les fonctionnalit\u00e9s les plus importantes de LSP20: <\/p>\n\n\n\n<ul><li>Surface int\u00e9rieure: 14&nbsp;m\u00b2<\/li><li>Dimensions ext\u00e9rieurs: L 6,05m\/L 2,44m\/H 2,89m<\/li><li>Nombre de chambres :&nbsp;1<\/li><li><strong>EQUIPEMENT<\/strong>&nbsp;<\/li><li><strong>Salle d&#8217;eau :&nbsp;<\/strong>Livr\u00e9e am\u00e9nag\u00e9e avec meuble vasque (3 univers aux choix)<\/li><li><strong>Chauffage :&nbsp;<\/strong>Pompe \u00e0 chaleur Air\/Air<\/li><li><strong>Eau chaude sanitaire :&nbsp;<\/strong>Ballon&nbsp;ou chauffe-eau instantan\u00e9<\/li><li><strong>Wc :&nbsp;<\/strong>Pos\u00e9 ou suspendus<\/li><li><strong>Sol :<\/strong> Parquets \/ Vinyl, livr\u00e9s pos\u00e9s (plusieurs choix dans les options)<\/li><li><strong>Murs :&nbsp;<\/strong>Plaque de pl\u00e2tre &#8211; plafonnage.<\/li><li><strong>Panneaux solaires :&nbsp;<\/strong>Sur demande.<\/li><li><strong>Vitrages :&nbsp;<\/strong>Triple vitrage &#8211; Oscillo-battants ou coulissants.<\/li><li><strong>Menuiseries :&nbsp;<\/strong>PVC ou aluminium, couleur au choix.<\/li><\/ul>\n\n\n\n<p>Si vous aimez nos projets, souhaitez en savoir plus ou avez besoin d&#8217;une offre individuelle, contactez-nous!<\/p>\n","protected":false},"excerpt":{"rendered":"<p>Living Space 20 Petit, confortable, avec une immense fen\u00eatre coulissante.&nbsp;Vous pouvez y vivre, travailler et vous reposer.&nbsp;O\u00f9 vous voulez.&nbsp;La seule limite est votre imagination &#8230; LSP20 est une habitation pr\u00e9fabriqu\u00e9e et fournie \u00ab cl\u00e9 sur porte \u00bb. C&#8217;est \u00e0 dire comprenant: Des \u00e9l\u00e9ments d\u2019un ensemble cuisine de base comportant Frigo, plaque de cuisson, \u00e9vier. Des<a class=\"more-link\" href=\"https:\/\/c2gconcept.com\/index.php\/lsp20\/\">Continue reading <span class=\"screen-reader-text\">&#8220;LSP20&#8221;<\/span><\/a><\/p>\n","protected":false},"author":2,"featured_media":0,"parent":0,"menu_order":0,"comment_status":"closed","ping_status":"closed","template":"","meta":{"om_disable_all_campaigns":false,"_mi_skip_tracking":false},"aioseo_notices":[],"yoast_head":"<!-- This site is optimized with the Yoast SEO plugin v21.1 - https:\/\/yoast.com\/wordpress\/plugins\/seo\/ -->\n<title>LSP20 -<\/title>\n<meta name=\"robots\" content=\"index, follow, max-snippet:-1, max-image-preview:large, max-video-preview:-1\" \/>\n<link rel=\"canonical\" href=\"http:\/\/c2gconcept.com\/index.php\/lsp20\/\" \/>\n<meta property=\"og:locale\" content=\"en_US\" \/>\n<meta property=\"og:type\" content=\"article\" \/>\n<meta property=\"og:title\" content=\"LSP20 -\" \/>\n<meta property=\"og:description\" content=\"Living Space 20 Petit, confortable, avec une immense fen\u00eatre coulissante.&nbsp;Vous pouvez y vivre, travailler et vous reposer.&nbsp;O\u00f9 vous voulez.&nbsp;La seule limite est votre imagination &#8230; LSP20 est une habitation pr\u00e9fabriqu\u00e9e et fournie \u00ab cl\u00e9 sur porte \u00bb. C&#8217;est \u00e0 dire comprenant: Des \u00e9l\u00e9ments d\u2019un ensemble cuisine de base comportant Frigo, plaque de cuisson, \u00e9vier. DesContinue reading &quot;LSP20&quot;\" \/>\n<meta property=\"og:url\" content=\"http:\/\/c2gconcept.com\/index.php\/lsp20\/\" \/>\n<meta property=\"article:publisher\" content=\"https:\/\/www.facebook.com\/c2gconcept\/\" \/>\n<meta property=\"article:modified_time\" content=\"2021-02-08T07:33:42+00:00\" \/>\n<meta property=\"og:image\" content=\"http:\/\/c2gconcept.com\/wp-content\/uploads\/2020\/10\/IMG-20201009-WA0000-1024x576.jpg\" \/>\n<meta name=\"twitter:card\" content=\"summary_large_image\" \/>\n<meta name=\"twitter:label1\" content=\"Est. reading time\" \/>\n\t<meta name=\"twitter:data1\" content=\"2 minutes\" \/>\n<script type=\"application\/ld+json\" class=\"yoast-schema-graph\">{\"@context\":\"https:\/\/schema.org\",\"@graph\":[{\"@type\":\"WebPage\",\"@id\":\"http:\/\/c2gconcept.com\/index.php\/lsp20\/\",\"url\":\"http:\/\/c2gconcept.com\/index.php\/lsp20\/\",\"name\":\"LSP20 -\",\"isPartOf\":{\"@id\":\"https:\/\/c2gconcept.com\/#website\"},\"datePublished\":\"2019-12-18T18:32:30+00:00\",\"dateModified\":\"2021-02-08T07:33:42+00:00\",\"breadcrumb\":{\"@id\":\"http:\/\/c2gconcept.com\/index.php\/lsp20\/#breadcrumb\"},\"inLanguage\":\"en-US\",\"potentialAction\":[{\"@type\":\"ReadAction\",\"target\":[\"http:\/\/c2gconcept.com\/index.php\/lsp20\/\"]}]},{\"@type\":\"BreadcrumbList\",\"@id\":\"http:\/\/c2gconcept.com\/index.php\/lsp20\/#breadcrumb\",\"itemListElement\":[{\"@type\":\"ListItem\",\"position\":1,\"name\":\"Accueil\",\"item\":\"https:\/\/c2gconcept.com\/\"},{\"@type\":\"ListItem\",\"position\":2,\"name\":\"LSP20\"}]},{\"@type\":\"WebSite\",\"@id\":\"https:\/\/c2gconcept.com\/#website\",\"url\":\"https:\/\/c2gconcept.com\/\",\"name\":\"C2GConcept.com\",\"description\":\"\",\"publisher\":{\"@id\":\"https:\/\/c2gconcept.com\/#organization\"},\"potentialAction\":[{\"@type\":\"SearchAction\",\"target\":{\"@type\":\"EntryPoint\",\"urlTemplate\":\"https:\/\/c2gconcept.com\/?s={search_term_string}\"},\"query-input\":\"required name=search_term_string\"}],\"inLanguage\":\"en-US\"},{\"@type\":\"Organization\",\"@id\":\"https:\/\/c2gconcept.com\/#organization\",\"name\":\"C2Gconcept\",\"url\":\"https:\/\/c2gconcept.com\/\",\"logo\":{\"@type\":\"ImageObject\",\"inLanguage\":\"en-US\",\"@id\":\"https:\/\/c2gconcept.com\/#\/schema\/logo\/image\/\",\"url\":\"https:\/\/c2gconcept.com\/wp-content\/uploads\/2020\/10\/cropped-Logo-DFE-scaled-1.jpg\",\"contentUrl\":\"https:\/\/c2gconcept.com\/wp-content\/uploads\/2020\/10\/cropped-Logo-DFE-scaled-1.jpg\",\"width\":2560,\"height\":1396,\"caption\":\"C2Gconcept\"},\"image\":{\"@id\":\"https:\/\/c2gconcept.com\/#\/schema\/logo\/image\/\"},\"sameAs\":[\"https:\/\/www.facebook.com\/c2gconcept\/\"]}]}<\/script>\n<!-- \/ Yoast SEO plugin. -->","yoast_head_json":{"title":"LSP20 -","robots":{"index":"index","follow":"follow","max-snippet":"max-snippet:-1","max-image-preview":"max-image-preview:large","max-video-preview":"max-video-preview:-1"},"canonical":"http:\/\/c2gconcept.com\/index.php\/lsp20\/","og_locale":"en_US","og_type":"article","og_title":"LSP20 -","og_description":"Living Space 20 Petit, confortable, avec une immense fen\u00eatre coulissante.&nbsp;Vous pouvez y vivre, travailler et vous reposer.&nbsp;O\u00f9 vous voulez.&nbsp;La seule limite est votre imagination &#8230; LSP20 est une habitation pr\u00e9fabriqu\u00e9e et fournie \u00ab cl\u00e9 sur porte \u00bb. C&#8217;est \u00e0 dire comprenant: Des \u00e9l\u00e9ments d\u2019un ensemble cuisine de base comportant Frigo, plaque de cuisson, \u00e9vier. DesContinue reading \"LSP20\"","og_url":"http:\/\/c2gconcept.com\/index.php\/lsp20\/","article_publisher":"https:\/\/www.facebook.com\/c2gconcept\/","article_modified_time":"2021-02-08T07:33:42+00:00","og_image":[{"url":"http:\/\/c2gconcept.com\/wp-content\/uploads\/2020\/10\/IMG-20201009-WA0000-1024x576.jpg"}],"twitter_card":"summary_large_image","twitter_misc":{"Est. reading time":"2 minutes"},"schema":{"@context":"https:\/\/schema.org","@graph":[{"@type":"WebPage","@id":"http:\/\/c2gconcept.com\/index.php\/lsp20\/","url":"http:\/\/c2gconcept.com\/index.php\/lsp20\/","name":"LSP20 -","isPartOf":{"@id":"https:\/\/c2gconcept.com\/#website"},"datePublished":"2019-12-18T18:32:30+00:00","dateModified":"2021-02-08T07:33:42+00:00","breadcrumb":{"@id":"http:\/\/c2gconcept.com\/index.php\/lsp20\/#breadcrumb"},"inLanguage":"en-US","potentialAction":[{"@type":"ReadAction","target":["http:\/\/c2gconcept.com\/index.php\/lsp20\/"]}]},{"@type":"BreadcrumbList","@id":"http:\/\/c2gconcept.com\/index.php\/lsp20\/#breadcrumb","itemListElement":[{"@type":"ListItem","position":1,"name":"Accueil","item":"https:\/\/c2gconcept.com\/"},{"@type":"ListItem","position":2,"name":"LSP20"}]},{"@type":"WebSite","@id":"https:\/\/c2gconcept.com\/#website","url":"https:\/\/c2gconcept.com\/","name":"C2GConcept.com","description":"","publisher":{"@id":"https:\/\/c2gconcept.com\/#organization"},"potentialAction":[{"@type":"SearchAction","target":{"@type":"EntryPoint","urlTemplate":"https:\/\/c2gconcept.com\/?s={search_term_string}"},"query-input":"required name=search_term_string"}],"inLanguage":"en-US"},{"@type":"Organization","@id":"https:\/\/c2gconcept.com\/#organization","name":"C2Gconcept","url":"https:\/\/c2gconcept.com\/","logo":{"@type":"ImageObject","inLanguage":"en-US","@id":"https:\/\/c2gconcept.com\/#\/schema\/logo\/image\/","url":"https:\/\/c2gconcept.com\/wp-content\/uploads\/2020\/10\/cropped-Logo-DFE-scaled-1.jpg","contentUrl":"https:\/\/c2gconcept.com\/wp-content\/uploads\/2020\/10\/cropped-Logo-DFE-scaled-1.jpg","width":2560,"height":1396,"caption":"C2Gconcept"},"image":{"@id":"https:\/\/c2gconcept.com\/#\/schema\/logo\/image\/"},"sameAs":["https:\/\/www.facebook.com\/c2gconcept\/"]}]}},"_links":{"self":[{"href":"https:\/\/c2gconcept.com\/index.php\/wp-json\/wp\/v2\/pages\/70"}],"collection":[{"href":"https:\/\/c2gconcept.com\/index.php\/wp-json\/wp\/v2\/pages"}],"about":[{"href":"https:\/\/c2gconcept.com\/index.php\/wp-json\/wp\/v2\/types\/page"}],"author":[{"embeddable":true,"href":"https:\/\/c2gconcept.com\/index.php\/wp-json\/wp\/v2\/users\/2"}],"replies":[{"embeddable":true,"href":"https:\/\/c2gconcept.com\/index.php\/wp-json\/wp\/v2\/comments?post=70"}],"version-history":[{"count":8,"href":"https:\/\/c2gconcept.com\/index.php\/wp-json\/wp\/v2\/pages\/70\/revisions"}],"predecessor-version":[{"id":4515,"href":"https:\/\/c2gconcept.com\/index.php\/wp-json\/wp\/v2\/pages\/70\/revisions\/4515"}],"wp:attachment":[{"href":"https:\/\/c2gconcept.com\/index.php\/wp-json\/wp\/v2\/media?parent=70"}],"curies":[{"name":"wp","href":"https:\/\/api.w.org\/{rel}","templated":true}]}}