{"id":4523,"date":"2022-04-17T12:08:39","date_gmt":"2022-04-17T10:08:39","guid":{"rendered":"http:\/\/c2gconcept.com\/?page_id=4523"},"modified":"2022-04-17T14:33:22","modified_gmt":"2022-04-17T12:33:22","slug":"nos-pavillons","status":"publish","type":"page","link":"https:\/\/c2gconcept.com\/index.php\/nos-pavillons\/","title":{"rendered":"Nos pavillons"},"content":{"rendered":"<p><span style=\"vertical-align: inherit;\"><span style=\"vertical-align: inherit;\"><span style=\"vertical-align: inherit;\"><span style=\"vertical-align: inherit;\"><span style=\"vertical-align: inherit;\"><span style=\"vertical-align: inherit;\"><span style=\"vertical-align: inherit;\"><span style=\"vertical-align: inherit;\"><span style=\"vertical-align: inherit;\"><span style=\"vertical-align: inherit;\">C2G Concept vous propose des pavillons modernes pour vos surfaces de travail, commerces ou bureaux.<\/span><\/span><\/span><\/span><\/span><\/span><\/span><\/span><\/span><\/span><\/p>\n<p><span style=\"vertical-align: inherit;\"><span style=\"vertical-align: inherit;\"><span style=\"vertical-align: inherit;\"><span style=\"vertical-align: inherit;\"><span style=\"vertical-align: inherit;\"><span style=\"vertical-align: inherit;\"><span style=\"vertical-align: inherit;\"><span style=\"vertical-align: inherit;\"><span style=\"vertical-align: inherit;\"><span style=\"vertical-align: inherit;\">Sp\u00e9cification ci-dessous :<\/span><\/span><\/span><\/span><\/span><\/span><\/span><\/span><\/span><\/span><\/p>\n<p><span style=\"vertical-align: inherit;\"><span style=\"vertical-align: inherit;\"><span style=\"vertical-align: inherit;\"><span style=\"vertical-align: inherit;\"><span style=\"vertical-align: inherit;\"><span style=\"vertical-align: inherit;\"><span style=\"vertical-align: inherit;\"><span style=\"vertical-align: inherit;\"><span style=\"vertical-align: inherit;\"><span style=\"vertical-align: inherit;\">&#8211; Dimensions du pavillon 420cm\/260cm, 420cm\/300cm, 600cm\/300cm, 800cm\/300cm, etc. <\/span><\/span><\/span><\/span><\/span><\/span><\/span><\/span><\/span><\/span><span style=\"vertical-align: inherit;\"><span style=\"vertical-align: inherit;\"><span style=\"vertical-align: inherit;\"><span style=\"vertical-align: inherit;\"><span style=\"vertical-align: inherit;\"><span style=\"vertical-align: inherit;\"><span style=\"vertical-align: inherit;\"><span style=\"vertical-align: inherit;\"><span style=\"vertical-align: inherit;\"><span style=\"vertical-align: inherit;\">Hauteur du pavillon 260cm.<\/span><\/span><\/span><\/span><\/span><\/span><\/span><\/span><\/span><\/span><\/p>\n<p><span style=\"vertical-align: inherit;\"><span style=\"vertical-align: inherit;\"><span style=\"vertical-align: inherit;\"><span style=\"vertical-align: inherit;\"><span style=\"vertical-align: inherit;\"><span style=\"vertical-align: inherit;\"><span style=\"vertical-align: inherit;\"><span style=\"vertical-align: inherit;\"><span style=\"vertical-align: inherit;\"><span style=\"vertical-align: inherit;\">&#8211; Murs et toiture en panneau sandwich polystyr\u00e8ne d&#8217;une \u00e9paisseur de 100mm (d&#8217;autres \u00e9paisseurs et remplissages sont facultatifs)<\/span><\/span><\/span><\/span><\/span><\/span><\/span><\/span><\/span><\/span><\/p>\n<p><span style=\"vertical-align: inherit;\"><span style=\"vertical-align: inherit;\"><span style=\"vertical-align: inherit;\"><span style=\"vertical-align: inherit;\"><span style=\"vertical-align: inherit;\"><span style=\"vertical-align: inherit;\"><span style=\"vertical-align: inherit;\"><span style=\"vertical-align: inherit;\"><span style=\"vertical-align: inherit;\"><span style=\"vertical-align: inherit;\">&#8211; Plancher isol\u00e9, panneau sandwich 100mm + panneau OSB + rev\u00eatement vinyle.<\/span><\/span><\/span><\/span><\/span><\/span><\/span><\/span><\/span><\/span><\/p>\n<p><span style=\"vertical-align: inherit;\"><span style=\"vertical-align: inherit;\"><span style=\"vertical-align: inherit;\"><span style=\"vertical-align: inherit;\"><span style=\"vertical-align: inherit;\"><span style=\"vertical-align: inherit;\"><span style=\"vertical-align: inherit;\"><span style=\"vertical-align: inherit;\"><span style=\"vertical-align: inherit;\"><span style=\"vertical-align: inherit;\">&#8211; Couleurs au choix (RAL)<\/span><\/span><\/span><\/span><\/span><\/span><\/span><\/span><\/span><\/span><\/p>\n<p><span style=\"vertical-align: inherit;\"><span style=\"vertical-align: inherit;\"><span style=\"vertical-align: inherit;\"><span style=\"vertical-align: inherit;\"><span style=\"vertical-align: inherit;\"><span style=\"vertical-align: inherit;\"><span style=\"vertical-align: inherit;\"><span style=\"vertical-align: inherit;\"><span style=\"vertical-align: inherit;\"><span style=\"vertical-align: inherit;\">&#8211; Disposition des menuiseries au choix.<\/span><\/span><\/span><\/span><\/span><\/span><\/span><\/span><\/span><\/span><\/p>\n<p><span style=\"vertical-align: inherit;\"><span style=\"vertical-align: inherit;\"><span style=\"vertical-align: inherit;\"><span style=\"vertical-align: inherit;\"><span style=\"vertical-align: inherit;\"><span style=\"vertical-align: inherit;\"><span style=\"vertical-align: inherit;\"><span style=\"vertical-align: inherit;\"><span style=\"vertical-align: inherit;\"><span style=\"vertical-align: inherit;\">&#8211; Installation \u00e9lectrique :lampe LED, bo\u00eete \u00e0 fusibles, climatiseur inverter.<\/span><\/span><\/span><\/span><\/span><\/span><\/span><\/span><\/span><\/span><\/p>\n<p><span style=\"vertical-align: inherit;\"><span style=\"vertical-align: inherit;\"><span style=\"vertical-align: inherit;\"><span style=\"vertical-align: inherit;\"><span style=\"vertical-align: inherit;\"><span style=\"vertical-align: inherit;\"><span style=\"vertical-align: inherit;\"><span style=\"vertical-align: inherit;\"><span style=\"vertical-align: inherit;\"><span style=\"vertical-align: inherit;\">Pavillons r\u00e9alis\u00e9s de mani\u00e8re tr\u00e8s esth\u00e9tique avec une garantie de deux ans. <\/span><\/span><\/span><\/span><\/span><\/span><\/span><\/span><\/span><\/span><br \/>\n<span style=\"vertical-align: inherit;\"><span style=\"vertical-align: inherit;\"><span style=\"vertical-align: inherit;\"><span style=\"vertical-align: inherit;\"><span style=\"vertical-align: inherit;\"><span style=\"vertical-align: inherit;\"><span style=\"vertical-align: inherit;\"><span style=\"vertical-align: inherit;\"><span style=\"vertical-align: inherit;\"><span style=\"vertical-align: inherit;\">De nombreuses options suppl\u00e9mentaires disponibles.<\/span><\/span><\/span><\/span><\/span><\/span><\/span><\/span><\/span><\/span><\/p>\n<p><span style=\"vertical-align: inherit;\"><span style=\"vertical-align: inherit;\"><span style=\"vertical-align: inherit;\"><span style=\"vertical-align: inherit;\"><span style=\"vertical-align: inherit;\"><span style=\"vertical-align: inherit;\"><span style=\"vertical-align: inherit;\"><span style=\"vertical-align: inherit;\"><span style=\"vertical-align: inherit;\"><span style=\"vertical-align: inherit;\">N&#8217;h\u00e9sitez pas \u00e0 nous contacter pour de plus amples informations.<\/span><\/span><\/span><\/span><\/span><\/span><\/span><\/span><\/span><\/span><br \/>\n<img decoding=\"async\" loading=\"lazy\" class=\"alignnone size-medium wp-image-4529\" src=\"http:\/\/c2gconcept.com\/wp-content\/uploads\/2022\/04\/WhatsApp-Image-2022-04-17-at-13.46.05-300x213.jpeg\" alt=\"\" width=\"300\" height=\"213\" srcset=\"https:\/\/c2gconcept.com\/wp-content\/uploads\/2022\/04\/WhatsApp-Image-2022-04-17-at-13.46.05-300x213.jpeg 300w, https:\/\/c2gconcept.com\/wp-content\/uploads\/2022\/04\/WhatsApp-Image-2022-04-17-at-13.46.05-1024x726.jpeg 1024w, https:\/\/c2gconcept.com\/wp-content\/uploads\/2022\/04\/WhatsApp-Image-2022-04-17-at-13.46.05-768x545.jpeg 768w, https:\/\/c2gconcept.com\/wp-content\/uploads\/2022\/04\/WhatsApp-Image-2022-04-17-at-13.46.05.jpeg 1080w\" sizes=\"(max-width: 300px) 100vw, 300px\" \/><img decoding=\"async\" loading=\"lazy\" class=\"alignnone size-medium wp-image-4536\" src=\"http:\/\/c2gconcept.com\/wp-content\/uploads\/2022\/04\/WhatsApp-Image-2022-04-17-at-13.46.05-2-300x197.jpeg\" alt=\"\" width=\"300\" height=\"197\" srcset=\"https:\/\/c2gconcept.com\/wp-content\/uploads\/2022\/04\/WhatsApp-Image-2022-04-17-at-13.46.05-2-300x197.jpeg 300w, https:\/\/c2gconcept.com\/wp-content\/uploads\/2022\/04\/WhatsApp-Image-2022-04-17-at-13.46.05-2-1024x672.jpeg 1024w, https:\/\/c2gconcept.com\/wp-content\/uploads\/2022\/04\/WhatsApp-Image-2022-04-17-at-13.46.05-2-768x504.jpeg 768w, https:\/\/c2gconcept.com\/wp-content\/uploads\/2022\/04\/WhatsApp-Image-2022-04-17-at-13.46.05-2.jpeg 1080w\" sizes=\"(max-width: 300px) 100vw, 300px\" \/> <img decoding=\"async\" loading=\"lazy\" class=\"alignnone size-medium wp-image-4535\" src=\"http:\/\/c2gconcept.com\/wp-content\/uploads\/2022\/04\/WhatsApp-Image-2022-04-17-at-13.46.05-3-300x227.jpeg\" alt=\"\" width=\"300\" height=\"227\" srcset=\"https:\/\/c2gconcept.com\/wp-content\/uploads\/2022\/04\/WhatsApp-Image-2022-04-17-at-13.46.05-3-300x227.jpeg 300w, https:\/\/c2gconcept.com\/wp-content\/uploads\/2022\/04\/WhatsApp-Image-2022-04-17-at-13.46.05-3-1024x774.jpeg 1024w, https:\/\/c2gconcept.com\/wp-content\/uploads\/2022\/04\/WhatsApp-Image-2022-04-17-at-13.46.05-3-768x580.jpeg 768w, https:\/\/c2gconcept.com\/wp-content\/uploads\/2022\/04\/WhatsApp-Image-2022-04-17-at-13.46.05-3.jpeg 1080w\" sizes=\"(max-width: 300px) 100vw, 300px\" \/> <img decoding=\"async\" loading=\"lazy\" class=\"alignnone size-medium wp-image-4534\" src=\"http:\/\/c2gconcept.com\/wp-content\/uploads\/2022\/04\/WhatsApp-Image-2022-04-17-at-13.46.05-4-300x245.jpeg\" alt=\"\" width=\"300\" height=\"245\" srcset=\"https:\/\/c2gconcept.com\/wp-content\/uploads\/2022\/04\/WhatsApp-Image-2022-04-17-at-13.46.05-4-300x245.jpeg 300w, https:\/\/c2gconcept.com\/wp-content\/uploads\/2022\/04\/WhatsApp-Image-2022-04-17-at-13.46.05-4-1024x837.jpeg 1024w, https:\/\/c2gconcept.com\/wp-content\/uploads\/2022\/04\/WhatsApp-Image-2022-04-17-at-13.46.05-4-768x628.jpeg 768w, https:\/\/c2gconcept.com\/wp-content\/uploads\/2022\/04\/WhatsApp-Image-2022-04-17-at-13.46.05-4.jpeg 1080w\" sizes=\"(max-width: 300px) 100vw, 300px\" \/> <img decoding=\"async\" loading=\"lazy\" class=\"alignnone size-medium wp-image-4533\" src=\"http:\/\/c2gconcept.com\/wp-content\/uploads\/2022\/04\/WhatsApp-Image-2022-04-17-at-13.46.05-5-300x208.jpeg\" alt=\"\" width=\"300\" height=\"208\" srcset=\"https:\/\/c2gconcept.com\/wp-content\/uploads\/2022\/04\/WhatsApp-Image-2022-04-17-at-13.46.05-5-300x208.jpeg 300w, https:\/\/c2gconcept.com\/wp-content\/uploads\/2022\/04\/WhatsApp-Image-2022-04-17-at-13.46.05-5-1024x710.jpeg 1024w, https:\/\/c2gconcept.com\/wp-content\/uploads\/2022\/04\/WhatsApp-Image-2022-04-17-at-13.46.05-5-768x533.jpeg 768w, https:\/\/c2gconcept.com\/wp-content\/uploads\/2022\/04\/WhatsApp-Image-2022-04-17-at-13.46.05-5.jpeg 1080w\" sizes=\"(max-width: 300px) 100vw, 300px\" \/> <img decoding=\"async\" loading=\"lazy\" class=\"alignnone size-medium wp-image-4532\" src=\"http:\/\/c2gconcept.com\/wp-content\/uploads\/2022\/04\/WhatsApp-Image-2022-04-17-at-13.46.06-300x230.jpeg\" alt=\"\" width=\"300\" height=\"230\" srcset=\"https:\/\/c2gconcept.com\/wp-content\/uploads\/2022\/04\/WhatsApp-Image-2022-04-17-at-13.46.06-300x230.jpeg 300w, https:\/\/c2gconcept.com\/wp-content\/uploads\/2022\/04\/WhatsApp-Image-2022-04-17-at-13.46.06-1024x786.jpeg 1024w, https:\/\/c2gconcept.com\/wp-content\/uploads\/2022\/04\/WhatsApp-Image-2022-04-17-at-13.46.06-768x590.jpeg 768w, https:\/\/c2gconcept.com\/wp-content\/uploads\/2022\/04\/WhatsApp-Image-2022-04-17-at-13.46.06.jpeg 1080w\" sizes=\"(max-width: 300px) 100vw, 300px\" \/><img decoding=\"async\" loading=\"lazy\" class=\"alignnone size-medium wp-image-4540\" src=\"http:\/\/c2gconcept.com\/wp-content\/uploads\/2022\/04\/WhatsApp-Image-2022-04-17-at-13.46.07-300x237.jpeg\" alt=\"\" width=\"300\" height=\"237\" srcset=\"https:\/\/c2gconcept.com\/wp-content\/uploads\/2022\/04\/WhatsApp-Image-2022-04-17-at-13.46.07-300x237.jpeg 300w, https:\/\/c2gconcept.com\/wp-content\/uploads\/2022\/04\/WhatsApp-Image-2022-04-17-at-13.46.07-1024x808.jpeg 1024w, https:\/\/c2gconcept.com\/wp-content\/uploads\/2022\/04\/WhatsApp-Image-2022-04-17-at-13.46.07-768x606.jpeg 768w, https:\/\/c2gconcept.com\/wp-content\/uploads\/2022\/04\/WhatsApp-Image-2022-04-17-at-13.46.07.jpeg 1080w\" sizes=\"(max-width: 300px) 100vw, 300px\" \/> <img decoding=\"async\" loading=\"lazy\" class=\"alignnone size-medium wp-image-4541\" src=\"http:\/\/c2gconcept.com\/wp-content\/uploads\/2022\/04\/WhatsApp-Image-2022-04-17-at-13.46.06-2-300x271.jpeg\" alt=\"\" width=\"300\" height=\"271\" srcset=\"https:\/\/c2gconcept.com\/wp-content\/uploads\/2022\/04\/WhatsApp-Image-2022-04-17-at-13.46.06-2-300x271.jpeg 300w, https:\/\/c2gconcept.com\/wp-content\/uploads\/2022\/04\/WhatsApp-Image-2022-04-17-at-13.46.06-2-1024x923.jpeg 1024w, https:\/\/c2gconcept.com\/wp-content\/uploads\/2022\/04\/WhatsApp-Image-2022-04-17-at-13.46.06-2-768x693.jpeg 768w, https:\/\/c2gconcept.com\/wp-content\/uploads\/2022\/04\/WhatsApp-Image-2022-04-17-at-13.46.06-2.jpeg 1080w\" sizes=\"(max-width: 300px) 100vw, 300px\" \/><\/p>\n","protected":false},"excerpt":{"rendered":"<p>C2G Concept vous propose des pavillons modernes pour vos surfaces de travail, commerces ou bureaux. Sp\u00e9cification ci-dessous : &#8211; Dimensions du pavillon 420cm\/260cm, 420cm\/300cm, 600cm\/300cm, 800cm\/300cm, etc. Hauteur du pavillon 260cm. &#8211; Murs et toiture en panneau sandwich polystyr\u00e8ne d&#8217;une \u00e9paisseur de 100mm (d&#8217;autres \u00e9paisseurs et remplissages sont facultatifs) &#8211; Plancher isol\u00e9, panneau sandwich 100mm<a class=\"more-link\" href=\"https:\/\/c2gconcept.com\/index.php\/nos-pavillons\/\">Continue reading <span class=\"screen-reader-text\">&#8220;Nos pavillons&#8221;<\/span><\/a><\/p>\n","protected":false},"author":1,"featured_media":0,"parent":0,"menu_order":0,"comment_status":"closed","ping_status":"closed","template":"","meta":{"om_disable_all_campaigns":false,"_mi_skip_tracking":false},"aioseo_notices":[],"yoast_head":"<!-- This site is optimized with the Yoast SEO plugin v21.1 - https:\/\/yoast.com\/wordpress\/plugins\/seo\/ -->\n<title>Nos pavillons -<\/title>\n<meta name=\"robots\" content=\"index, follow, max-snippet:-1, max-image-preview:large, max-video-preview:-1\" \/>\n<link rel=\"canonical\" href=\"http:\/\/c2gconcept.com\/index.php\/nos-pavillons\/\" \/>\n<meta property=\"og:locale\" content=\"en_US\" \/>\n<meta property=\"og:type\" content=\"article\" \/>\n<meta property=\"og:title\" content=\"Nos pavillons -\" \/>\n<meta property=\"og:description\" content=\"C2G Concept vous propose des pavillons modernes pour vos surfaces de travail, commerces ou bureaux. Sp\u00e9cification ci-dessous : &#8211; Dimensions du pavillon 420cm\/260cm, 420cm\/300cm, 600cm\/300cm, 800cm\/300cm, etc. Hauteur du pavillon 260cm. &#8211; Murs et toiture en panneau sandwich polystyr\u00e8ne d&#8217;une \u00e9paisseur de 100mm (d&#8217;autres \u00e9paisseurs et remplissages sont facultatifs) &#8211; Plancher isol\u00e9, panneau sandwich 100mmContinue reading &quot;Nos pavillons&quot;\" \/>\n<meta property=\"og:url\" content=\"http:\/\/c2gconcept.com\/index.php\/nos-pavillons\/\" \/>\n<meta property=\"article:publisher\" content=\"https:\/\/www.facebook.com\/c2gconcept\/\" \/>\n<meta property=\"article:modified_time\" content=\"2022-04-17T12:33:22+00:00\" \/>\n<meta property=\"og:image\" content=\"http:\/\/c2gconcept.com\/wp-content\/uploads\/2022\/04\/WhatsApp-Image-2022-04-17-at-13.46.05-300x213.jpeg\" \/>\n<meta name=\"twitter:card\" content=\"summary_large_image\" \/>\n<meta name=\"twitter:label1\" content=\"Est. reading time\" \/>\n\t<meta name=\"twitter:data1\" content=\"3 minutes\" \/>\n<script type=\"application\/ld+json\" class=\"yoast-schema-graph\">{\"@context\":\"https:\/\/schema.org\",\"@graph\":[{\"@type\":\"WebPage\",\"@id\":\"http:\/\/c2gconcept.com\/index.php\/nos-pavillons\/\",\"url\":\"http:\/\/c2gconcept.com\/index.php\/nos-pavillons\/\",\"name\":\"Nos pavillons -\",\"isPartOf\":{\"@id\":\"https:\/\/c2gconcept.com\/#website\"},\"datePublished\":\"2022-04-17T10:08:39+00:00\",\"dateModified\":\"2022-04-17T12:33:22+00:00\",\"breadcrumb\":{\"@id\":\"http:\/\/c2gconcept.com\/index.php\/nos-pavillons\/#breadcrumb\"},\"inLanguage\":\"en-US\",\"potentialAction\":[{\"@type\":\"ReadAction\",\"target\":[\"http:\/\/c2gconcept.com\/index.php\/nos-pavillons\/\"]}]},{\"@type\":\"BreadcrumbList\",\"@id\":\"http:\/\/c2gconcept.com\/index.php\/nos-pavillons\/#breadcrumb\",\"itemListElement\":[{\"@type\":\"ListItem\",\"position\":1,\"name\":\"Accueil\",\"item\":\"https:\/\/c2gconcept.com\/\"},{\"@type\":\"ListItem\",\"position\":2,\"name\":\"Nos pavillons\"}]},{\"@type\":\"WebSite\",\"@id\":\"https:\/\/c2gconcept.com\/#website\",\"url\":\"https:\/\/c2gconcept.com\/\",\"name\":\"C2GConcept.com\",\"description\":\"\",\"publisher\":{\"@id\":\"https:\/\/c2gconcept.com\/#organization\"},\"potentialAction\":[{\"@type\":\"SearchAction\",\"target\":{\"@type\":\"EntryPoint\",\"urlTemplate\":\"https:\/\/c2gconcept.com\/?s={search_term_string}\"},\"query-input\":\"required name=search_term_string\"}],\"inLanguage\":\"en-US\"},{\"@type\":\"Organization\",\"@id\":\"https:\/\/c2gconcept.com\/#organization\",\"name\":\"C2Gconcept\",\"url\":\"https:\/\/c2gconcept.com\/\",\"logo\":{\"@type\":\"ImageObject\",\"inLanguage\":\"en-US\",\"@id\":\"https:\/\/c2gconcept.com\/#\/schema\/logo\/image\/\",\"url\":\"https:\/\/c2gconcept.com\/wp-content\/uploads\/2020\/10\/cropped-Logo-DFE-scaled-1.jpg\",\"contentUrl\":\"https:\/\/c2gconcept.com\/wp-content\/uploads\/2020\/10\/cropped-Logo-DFE-scaled-1.jpg\",\"width\":2560,\"height\":1396,\"caption\":\"C2Gconcept\"},\"image\":{\"@id\":\"https:\/\/c2gconcept.com\/#\/schema\/logo\/image\/\"},\"sameAs\":[\"https:\/\/www.facebook.com\/c2gconcept\/\"]}]}<\/script>\n<!-- \/ Yoast SEO plugin. -->","yoast_head_json":{"title":"Nos pavillons -","robots":{"index":"index","follow":"follow","max-snippet":"max-snippet:-1","max-image-preview":"max-image-preview:large","max-video-preview":"max-video-preview:-1"},"canonical":"http:\/\/c2gconcept.com\/index.php\/nos-pavillons\/","og_locale":"en_US","og_type":"article","og_title":"Nos pavillons -","og_description":"C2G Concept vous propose des pavillons modernes pour vos surfaces de travail, commerces ou bureaux. Sp\u00e9cification ci-dessous : &#8211; Dimensions du pavillon 420cm\/260cm, 420cm\/300cm, 600cm\/300cm, 800cm\/300cm, etc. Hauteur du pavillon 260cm. &#8211; Murs et toiture en panneau sandwich polystyr\u00e8ne d&#8217;une \u00e9paisseur de 100mm (d&#8217;autres \u00e9paisseurs et remplissages sont facultatifs) &#8211; Plancher isol\u00e9, panneau sandwich 100mmContinue reading \"Nos pavillons\"","og_url":"http:\/\/c2gconcept.com\/index.php\/nos-pavillons\/","article_publisher":"https:\/\/www.facebook.com\/c2gconcept\/","article_modified_time":"2022-04-17T12:33:22+00:00","og_image":[{"url":"http:\/\/c2gconcept.com\/wp-content\/uploads\/2022\/04\/WhatsApp-Image-2022-04-17-at-13.46.05-300x213.jpeg"}],"twitter_card":"summary_large_image","twitter_misc":{"Est. reading time":"3 minutes"},"schema":{"@context":"https:\/\/schema.org","@graph":[{"@type":"WebPage","@id":"http:\/\/c2gconcept.com\/index.php\/nos-pavillons\/","url":"http:\/\/c2gconcept.com\/index.php\/nos-pavillons\/","name":"Nos pavillons -","isPartOf":{"@id":"https:\/\/c2gconcept.com\/#website"},"datePublished":"2022-04-17T10:08:39+00:00","dateModified":"2022-04-17T12:33:22+00:00","breadcrumb":{"@id":"http:\/\/c2gconcept.com\/index.php\/nos-pavillons\/#breadcrumb"},"inLanguage":"en-US","potentialAction":[{"@type":"ReadAction","target":["http:\/\/c2gconcept.com\/index.php\/nos-pavillons\/"]}]},{"@type":"BreadcrumbList","@id":"http:\/\/c2gconcept.com\/index.php\/nos-pavillons\/#breadcrumb","itemListElement":[{"@type":"ListItem","position":1,"name":"Accueil","item":"https:\/\/c2gconcept.com\/"},{"@type":"ListItem","position":2,"name":"Nos pavillons"}]},{"@type":"WebSite","@id":"https:\/\/c2gconcept.com\/#website","url":"https:\/\/c2gconcept.com\/","name":"C2GConcept.com","description":"","publisher":{"@id":"https:\/\/c2gconcept.com\/#organization"},"potentialAction":[{"@type":"SearchAction","target":{"@type":"EntryPoint","urlTemplate":"https:\/\/c2gconcept.com\/?s={search_term_string}"},"query-input":"required name=search_term_string"}],"inLanguage":"en-US"},{"@type":"Organization","@id":"https:\/\/c2gconcept.com\/#organization","name":"C2Gconcept","url":"https:\/\/c2gconcept.com\/","logo":{"@type":"ImageObject","inLanguage":"en-US","@id":"https:\/\/c2gconcept.com\/#\/schema\/logo\/image\/","url":"https:\/\/c2gconcept.com\/wp-content\/uploads\/2020\/10\/cropped-Logo-DFE-scaled-1.jpg","contentUrl":"https:\/\/c2gconcept.com\/wp-content\/uploads\/2020\/10\/cropped-Logo-DFE-scaled-1.jpg","width":2560,"height":1396,"caption":"C2Gconcept"},"image":{"@id":"https:\/\/c2gconcept.com\/#\/schema\/logo\/image\/"},"sameAs":["https:\/\/www.facebook.com\/c2gconcept\/"]}]}},"_links":{"self":[{"href":"https:\/\/c2gconcept.com\/index.php\/wp-json\/wp\/v2\/pages\/4523"}],"collection":[{"href":"https:\/\/c2gconcept.com\/index.php\/wp-json\/wp\/v2\/pages"}],"about":[{"href":"https:\/\/c2gconcept.com\/index.php\/wp-json\/wp\/v2\/types\/page"}],"author":[{"embeddable":true,"href":"https:\/\/c2gconcept.com\/index.php\/wp-json\/wp\/v2\/users\/1"}],"replies":[{"embeddable":true,"href":"https:\/\/c2gconcept.com\/index.php\/wp-json\/wp\/v2\/comments?post=4523"}],"version-history":[{"count":8,"href":"https:\/\/c2gconcept.com\/index.php\/wp-json\/wp\/v2\/pages\/4523\/revisions"}],"predecessor-version":[{"id":4544,"href":"https:\/\/c2gconcept.com\/index.php\/wp-json\/wp\/v2\/pages\/4523\/revisions\/4544"}],"wp:attachment":[{"href":"https:\/\/c2gconcept.com\/index.php\/wp-json\/wp\/v2\/media?parent=4523"}],"curies":[{"name":"wp","href":"https:\/\/api.w.org\/{rel}","templated":true}]}}